{"id":3669,"date":"2024-12-03T13:09:56","date_gmt":"2024-12-03T12:09:56","guid":{"rendered":"https:\/\/zeitgeistgermany.com\/?post_type=product&#038;p=3669"},"modified":"2024-12-05T13:49:16","modified_gmt":"2024-12-05T12:49:16","slug":"flamed-islay","status":"publish","type":"product","link":"https:\/\/zeitgeistgermany.com\/de\/produkt\/flamed-islay\/","title":{"rendered":"Flamed Islay"},"content":{"rendered":"<p>Die In-Ear-Monitore der Whisky-Kollektion werden aus dem Eichenholz eines alten Whiskyfasses hergestellt und sind f\u00fcr alle gedacht, die die feinen Dinge des Lebens genie\u00dfen.<\/p>\n<p><strong>Genie\u00dfen Sie jede Note<\/strong><\/p>\n<p>Erleben Sie einen smoothen, satten und realistischen Klang. Die In-Ear-Monitore von Zeitgeist Germany werden von einer individuellen Treiber Konfiguration angetrieben, die f\u00fcr puren Musikgenuss sorgt.<\/p>\n<p><strong>Individueller Komfort<\/strong><\/p>\n<p>Unsere In-Ear-Monitore verf\u00fcgen \u00fcber ein universelles Design, das h\u00f6chsten Komfort garantiert. W\u00e4hlen Sie aus unseren beiden Gr\u00f6\u00dfen Normal oder Klein die passende aus. Final audio Typ-E-Ohrst\u00f6psel sind im Lieferumfang enthalten (XS, S, M, L, XL), um die perfekte Abdichtung zu gew\u00e4hrleisten.<\/p>\n","protected":false},"excerpt":{"rendered":"<p>Feiern Sie die Kunst der Whiskyherstellung mit Flamed Islay. Inspiriert von der Kunst des Verkohlens von Whiskyf\u00e4ssern, verbindet dieser IEM Tradition und Innovation. Jedes St\u00fcck weist eine handgebrannte Oberfl\u00e4che auf, die die strukturierte Sch\u00f6nheit von gealterten F\u00e4ssern nachahmt.<\/p>\n","protected":false},"featured_media":3890,"comment_status":"closed","ping_status":"closed","template":"","meta":[],"product_brand":[],"product_cat":[232],"product_tag":[],"class_list":{"0":"post-3669","1":"product","2":"type-product","3":"status-publish","4":"has-post-thumbnail","6":"product_cat-whisky-de","8":"first","9":"instock","10":"taxable","11":"shipping-taxable","12":"purchasable","13":"product-type-variable","14":"has-default-attributes"},"yoast_head":"<!-- This site is optimized with the Yoast SEO plugin v27.2 - https:\/\/yoast.com\/product\/yoast-seo-wordpress\/ -->\n<title>Flamed Islay - zeitgeistgermany.com<\/title>\n<meta name=\"robots\" content=\"index, follow, max-snippet:-1, max-image-preview:large, max-video-preview:-1\" \/>\n<link rel=\"canonical\" href=\"https:\/\/zeitgeistgermany.com\/de\/produkt\/flamed-islay\/\" \/>\n<meta property=\"og:locale\" content=\"de_DE\" \/>\n<meta property=\"og:type\" content=\"article\" \/>\n<meta property=\"og:title\" content=\"Flamed Islay - zeitgeistgermany.com\" \/>\n<meta property=\"og:description\" content=\"Feiern Sie die Kunst der Whiskyherstellung mit Flamed Islay. Inspiriert von der Kunst des Verkohlens von Whiskyf\u00e4ssern, verbindet dieser IEM Tradition und Innovation. Jedes St\u00fcck weist eine handgebrannte Oberfl\u00e4che auf, die die strukturierte Sch\u00f6nheit von gealterten F\u00e4ssern nachahmt.\" \/>\n<meta property=\"og:url\" content=\"https:\/\/zeitgeistgermany.com\/de\/produkt\/flamed-islay\/\" \/>\n<meta property=\"og:site_name\" content=\"zeitgeistgermany.com\" \/>\n<meta property=\"article:modified_time\" content=\"2024-12-05T12:49:16+00:00\" \/>\n<meta property=\"og:image\" content=\"https:\/\/zeitgeistgermany.com\/wp-content\/uploads\/2024\/12\/zeitgeistgermany_whisky_islay_flamed_01_ed.jpg\" \/>\n\t<meta property=\"og:image:width\" content=\"1200\" \/>\n\t<meta property=\"og:image:height\" content=\"1200\" \/>\n\t<meta property=\"og:image:type\" content=\"image\/jpeg\" \/>\n<meta name=\"twitter:card\" content=\"summary_large_image\" \/>\n<meta name=\"twitter:label1\" content=\"Gesch\u00e4tzte Lesezeit\" \/>\n\t<meta name=\"twitter:data1\" content=\"1\u00a0Minute\" \/>\n<script type=\"application\/ld+json\" class=\"yoast-schema-graph\">{\"@context\":\"https:\/\/schema.org\",\"@graph\":[{\"@type\":[\"WebPage\",\"ItemPage\"],\"@id\":\"https:\/\/zeitgeistgermany.com\/de\/produkt\/flamed-islay\/\",\"url\":\"https:\/\/zeitgeistgermany.com\/de\/produkt\/flamed-islay\/\",\"name\":\"Flamed Islay - zeitgeistgermany.com\",\"isPartOf\":{\"@id\":\"https:\/\/zeitgeistgermany.com\/de\/#website\"},\"primaryImageOfPage\":{\"@id\":\"https:\/\/zeitgeistgermany.com\/de\/produkt\/flamed-islay\/#primaryimage\"},\"image\":{\"@id\":\"https:\/\/zeitgeistgermany.com\/de\/produkt\/flamed-islay\/#primaryimage\"},\"thumbnailUrl\":\"https:\/\/zeitgeistgermany.com\/wp-content\/uploads\/2024\/12\/zeitgeistgermany_whisky_islay_flamed_01_ed.jpg\",\"datePublished\":\"2024-12-03T12:09:56+00:00\",\"dateModified\":\"2024-12-05T12:49:16+00:00\",\"breadcrumb\":{\"@id\":\"https:\/\/zeitgeistgermany.com\/de\/produkt\/flamed-islay\/#breadcrumb\"},\"inLanguage\":\"de\",\"potentialAction\":[{\"@type\":\"ReadAction\",\"target\":[\"https:\/\/zeitgeistgermany.com\/de\/produkt\/flamed-islay\/\"]}]},{\"@type\":\"ImageObject\",\"inLanguage\":\"de\",\"@id\":\"https:\/\/zeitgeistgermany.com\/de\/produkt\/flamed-islay\/#primaryimage\",\"url\":\"https:\/\/zeitgeistgermany.com\/wp-content\/uploads\/2024\/12\/zeitgeistgermany_whisky_islay_flamed_01_ed.jpg\",\"contentUrl\":\"https:\/\/zeitgeistgermany.com\/wp-content\/uploads\/2024\/12\/zeitgeistgermany_whisky_islay_flamed_01_ed.jpg\",\"width\":1200,\"height\":1200},{\"@type\":\"BreadcrumbList\",\"@id\":\"https:\/\/zeitgeistgermany.com\/de\/produkt\/flamed-islay\/#breadcrumb\",\"itemListElement\":[{\"@type\":\"ListItem\",\"position\":1,\"name\":\"Startseite\",\"item\":\"https:\/\/zeitgeistgermany.com\/de\/\"},{\"@type\":\"ListItem\",\"position\":2,\"name\":\"Store\",\"item\":\"https:\/\/zeitgeistgermany.com\/de\/store\/\"},{\"@type\":\"ListItem\",\"position\":3,\"name\":\"Flamed Islay\"}]},{\"@type\":\"WebSite\",\"@id\":\"https:\/\/zeitgeistgermany.com\/de\/#website\",\"url\":\"https:\/\/zeitgeistgermany.com\/de\/\",\"name\":\"zeitgeistgermany.com\",\"description\":\"Finest IEM - made in Germany.\",\"publisher\":{\"@id\":\"https:\/\/zeitgeistgermany.com\/de\/#organization\"},\"potentialAction\":[{\"@type\":\"SearchAction\",\"target\":{\"@type\":\"EntryPoint\",\"urlTemplate\":\"https:\/\/zeitgeistgermany.com\/de\/?s={search_term_string}\"},\"query-input\":{\"@type\":\"PropertyValueSpecification\",\"valueRequired\":true,\"valueName\":\"search_term_string\"}}],\"inLanguage\":\"de\"},{\"@type\":\"Organization\",\"@id\":\"https:\/\/zeitgeistgermany.com\/de\/#organization\",\"name\":\"zeitgeistgermany.com\",\"url\":\"https:\/\/zeitgeistgermany.com\/de\/\",\"logo\":{\"@type\":\"ImageObject\",\"inLanguage\":\"de\",\"@id\":\"https:\/\/zeitgeistgermany.com\/de\/#\/schema\/logo\/image\/\",\"url\":\"https:\/\/zeitgeistgermany.com\/wp-content\/uploads\/2024\/06\/webicon.png\",\"contentUrl\":\"https:\/\/zeitgeistgermany.com\/wp-content\/uploads\/2024\/06\/webicon.png\",\"width\":512,\"height\":512,\"caption\":\"zeitgeistgermany.com\"},\"image\":{\"@id\":\"https:\/\/zeitgeistgermany.com\/de\/#\/schema\/logo\/image\/\"}}]}<\/script>\n<!-- \/ Yoast SEO plugin. -->","yoast_head_json":{"title":"Flamed Islay - zeitgeistgermany.com","robots":{"index":"index","follow":"follow","max-snippet":"max-snippet:-1","max-image-preview":"max-image-preview:large","max-video-preview":"max-video-preview:-1"},"canonical":"https:\/\/zeitgeistgermany.com\/de\/produkt\/flamed-islay\/","og_locale":"de_DE","og_type":"article","og_title":"Flamed Islay - zeitgeistgermany.com","og_description":"Feiern Sie die Kunst der Whiskyherstellung mit Flamed Islay. Inspiriert von der Kunst des Verkohlens von Whiskyf\u00e4ssern, verbindet dieser IEM Tradition und Innovation. Jedes St\u00fcck weist eine handgebrannte Oberfl\u00e4che auf, die die strukturierte Sch\u00f6nheit von gealterten F\u00e4ssern nachahmt.","og_url":"https:\/\/zeitgeistgermany.com\/de\/produkt\/flamed-islay\/","og_site_name":"zeitgeistgermany.com","article_modified_time":"2024-12-05T12:49:16+00:00","og_image":[{"width":1200,"height":1200,"url":"https:\/\/zeitgeistgermany.com\/wp-content\/uploads\/2024\/12\/zeitgeistgermany_whisky_islay_flamed_01_ed.jpg","type":"image\/jpeg"}],"twitter_card":"summary_large_image","twitter_misc":{"Gesch\u00e4tzte Lesezeit":"1\u00a0Minute"},"schema":{"@context":"https:\/\/schema.org","@graph":[{"@type":["WebPage","ItemPage"],"@id":"https:\/\/zeitgeistgermany.com\/de\/produkt\/flamed-islay\/","url":"https:\/\/zeitgeistgermany.com\/de\/produkt\/flamed-islay\/","name":"Flamed Islay - zeitgeistgermany.com","isPartOf":{"@id":"https:\/\/zeitgeistgermany.com\/de\/#website"},"primaryImageOfPage":{"@id":"https:\/\/zeitgeistgermany.com\/de\/produkt\/flamed-islay\/#primaryimage"},"image":{"@id":"https:\/\/zeitgeistgermany.com\/de\/produkt\/flamed-islay\/#primaryimage"},"thumbnailUrl":"https:\/\/zeitgeistgermany.com\/wp-content\/uploads\/2024\/12\/zeitgeistgermany_whisky_islay_flamed_01_ed.jpg","datePublished":"2024-12-03T12:09:56+00:00","dateModified":"2024-12-05T12:49:16+00:00","breadcrumb":{"@id":"https:\/\/zeitgeistgermany.com\/de\/produkt\/flamed-islay\/#breadcrumb"},"inLanguage":"de","potentialAction":[{"@type":"ReadAction","target":["https:\/\/zeitgeistgermany.com\/de\/produkt\/flamed-islay\/"]}]},{"@type":"ImageObject","inLanguage":"de","@id":"https:\/\/zeitgeistgermany.com\/de\/produkt\/flamed-islay\/#primaryimage","url":"https:\/\/zeitgeistgermany.com\/wp-content\/uploads\/2024\/12\/zeitgeistgermany_whisky_islay_flamed_01_ed.jpg","contentUrl":"https:\/\/zeitgeistgermany.com\/wp-content\/uploads\/2024\/12\/zeitgeistgermany_whisky_islay_flamed_01_ed.jpg","width":1200,"height":1200},{"@type":"BreadcrumbList","@id":"https:\/\/zeitgeistgermany.com\/de\/produkt\/flamed-islay\/#breadcrumb","itemListElement":[{"@type":"ListItem","position":1,"name":"Startseite","item":"https:\/\/zeitgeistgermany.com\/de\/"},{"@type":"ListItem","position":2,"name":"Store","item":"https:\/\/zeitgeistgermany.com\/de\/store\/"},{"@type":"ListItem","position":3,"name":"Flamed Islay"}]},{"@type":"WebSite","@id":"https:\/\/zeitgeistgermany.com\/de\/#website","url":"https:\/\/zeitgeistgermany.com\/de\/","name":"zeitgeistgermany.com","description":"Finest IEM - made in Germany.","publisher":{"@id":"https:\/\/zeitgeistgermany.com\/de\/#organization"},"potentialAction":[{"@type":"SearchAction","target":{"@type":"EntryPoint","urlTemplate":"https:\/\/zeitgeistgermany.com\/de\/?s={search_term_string}"},"query-input":{"@type":"PropertyValueSpecification","valueRequired":true,"valueName":"search_term_string"}}],"inLanguage":"de"},{"@type":"Organization","@id":"https:\/\/zeitgeistgermany.com\/de\/#organization","name":"zeitgeistgermany.com","url":"https:\/\/zeitgeistgermany.com\/de\/","logo":{"@type":"ImageObject","inLanguage":"de","@id":"https:\/\/zeitgeistgermany.com\/de\/#\/schema\/logo\/image\/","url":"https:\/\/zeitgeistgermany.com\/wp-content\/uploads\/2024\/06\/webicon.png","contentUrl":"https:\/\/zeitgeistgermany.com\/wp-content\/uploads\/2024\/06\/webicon.png","width":512,"height":512,"caption":"zeitgeistgermany.com"},"image":{"@id":"https:\/\/zeitgeistgermany.com\/de\/#\/schema\/logo\/image\/"}}]}},"_links":{"self":[{"href":"https:\/\/zeitgeistgermany.com\/de\/wp-json\/wp\/v2\/product\/3669","targetHints":{"allow":["GET"]}}],"collection":[{"href":"https:\/\/zeitgeistgermany.com\/de\/wp-json\/wp\/v2\/product"}],"about":[{"href":"https:\/\/zeitgeistgermany.com\/de\/wp-json\/wp\/v2\/types\/product"}],"replies":[{"embeddable":true,"href":"https:\/\/zeitgeistgermany.com\/de\/wp-json\/wp\/v2\/comments?post=3669"}],"wp:featuredmedia":[{"embeddable":true,"href":"https:\/\/zeitgeistgermany.com\/de\/wp-json\/wp\/v2\/media\/3890"}],"wp:attachment":[{"href":"https:\/\/zeitgeistgermany.com\/de\/wp-json\/wp\/v2\/media?parent=3669"}],"wp:term":[{"taxonomy":"product_brand","embeddable":true,"href":"https:\/\/zeitgeistgermany.com\/de\/wp-json\/wp\/v2\/product_brand?post=3669"},{"taxonomy":"product_cat","embeddable":true,"href":"https:\/\/zeitgeistgermany.com\/de\/wp-json\/wp\/v2\/product_cat?post=3669"},{"taxonomy":"product_tag","embeddable":true,"href":"https:\/\/zeitgeistgermany.com\/de\/wp-json\/wp\/v2\/product_tag?post=3669"}],"curies":[{"name":"wp","href":"https:\/\/api.w.org\/{rel}","templated":true}]}}