{"id":3351,"date":"2024-05-28T16:37:00","date_gmt":"2024-05-28T14:37:00","guid":{"rendered":"https:\/\/zeitgeistgermany.com\/produkt\/comply-foam-eartips\/"},"modified":"2024-05-28T16:37:00","modified_gmt":"2024-05-28T14:37:00","slug":"comply-foam-eartips","status":"publish","type":"product","link":"https:\/\/zeitgeistgermany.com\/de\/produkt\/comply-foam-eartips\/","title":{"rendered":"Comply Foam Eartips"},"content":{"rendered":"<p><span data-preserver-spaces=\"true\">Diese nachgiebigen Memory Foam-Ohrst\u00f6psel sind in 3 Gr\u00f6\u00dfen (S, M, L) erh\u00e4ltlich und erm\u00f6glichen ein individuelles H\u00f6rerlebnis. <\/span><\/p>\n","protected":false},"excerpt":{"rendered":"<p><span data-preserver-spaces=\"true\">Weiche Ersatz-Ohrst\u00f6psel aus Memory-Schaumstoff<\/span><\/p>\n","protected":false},"featured_media":3333,"comment_status":"closed","ping_status":"closed","template":"","meta":[],"product_brand":[],"product_cat":[234],"product_tag":[],"class_list":{"0":"post-3351","1":"product","2":"type-product","3":"status-publish","4":"has-post-thumbnail","6":"product_cat-eartips-de","8":"first","9":"instock","10":"taxable","11":"shipping-taxable","12":"purchasable","13":"product-type-simple"},"yoast_head":"<!-- This site is optimized with the Yoast SEO plugin v27.3 - https:\/\/yoast.com\/product\/yoast-seo-wordpress\/ -->\n<title>Comply Foam Eartips - zeitgeistgermany.com<\/title>\n<meta name=\"robots\" content=\"index, follow, max-snippet:-1, max-image-preview:large, max-video-preview:-1\" \/>\n<link rel=\"canonical\" href=\"https:\/\/zeitgeistgermany.com\/de\/produkt\/comply-foam-eartips\/\" \/>\n<meta property=\"og:locale\" content=\"de_DE\" \/>\n<meta property=\"og:type\" content=\"article\" \/>\n<meta property=\"og:title\" content=\"Comply Foam Eartips - zeitgeistgermany.com\" \/>\n<meta property=\"og:description\" content=\"Weiche Ersatz-Ohrst\u00f6psel aus Memory-Schaumstoff\" \/>\n<meta property=\"og:url\" content=\"https:\/\/zeitgeistgermany.com\/de\/produkt\/comply-foam-eartips\/\" \/>\n<meta property=\"og:site_name\" content=\"zeitgeistgermany.com\" \/>\n<meta property=\"og:image\" content=\"https:\/\/zeitgeistgermany.com\/wp-content\/uploads\/2024\/05\/comply-foam-eartips.jpg\" \/>\n\t<meta property=\"og:image:width\" content=\"768\" \/>\n\t<meta property=\"og:image:height\" content=\"597\" \/>\n\t<meta property=\"og:image:type\" content=\"image\/jpeg\" \/>\n<meta name=\"twitter:card\" content=\"summary_large_image\" \/>\n<script type=\"application\/ld+json\" class=\"yoast-schema-graph\">{\"@context\":\"https:\\\/\\\/schema.org\",\"@graph\":[{\"@type\":[\"WebPage\",\"ItemPage\"],\"@id\":\"https:\\\/\\\/zeitgeistgermany.com\\\/de\\\/produkt\\\/comply-foam-eartips\\\/\",\"url\":\"https:\\\/\\\/zeitgeistgermany.com\\\/de\\\/produkt\\\/comply-foam-eartips\\\/\",\"name\":\"Comply Foam Eartips - zeitgeistgermany.com\",\"isPartOf\":{\"@id\":\"https:\\\/\\\/zeitgeistgermany.com\\\/de\\\/#website\"},\"primaryImageOfPage\":{\"@id\":\"https:\\\/\\\/zeitgeistgermany.com\\\/de\\\/produkt\\\/comply-foam-eartips\\\/#primaryimage\"},\"image\":{\"@id\":\"https:\\\/\\\/zeitgeistgermany.com\\\/de\\\/produkt\\\/comply-foam-eartips\\\/#primaryimage\"},\"thumbnailUrl\":\"https:\\\/\\\/zeitgeistgermany.com\\\/wp-content\\\/uploads\\\/2024\\\/05\\\/comply-foam-eartips.jpg\",\"datePublished\":\"2024-05-28T14:37:00+00:00\",\"breadcrumb\":{\"@id\":\"https:\\\/\\\/zeitgeistgermany.com\\\/de\\\/produkt\\\/comply-foam-eartips\\\/#breadcrumb\"},\"inLanguage\":\"de\",\"potentialAction\":[{\"@type\":\"ReadAction\",\"target\":[\"https:\\\/\\\/zeitgeistgermany.com\\\/de\\\/produkt\\\/comply-foam-eartips\\\/\"]}]},{\"@type\":\"ImageObject\",\"inLanguage\":\"de\",\"@id\":\"https:\\\/\\\/zeitgeistgermany.com\\\/de\\\/produkt\\\/comply-foam-eartips\\\/#primaryimage\",\"url\":\"https:\\\/\\\/zeitgeistgermany.com\\\/wp-content\\\/uploads\\\/2024\\\/05\\\/comply-foam-eartips.jpg\",\"contentUrl\":\"https:\\\/\\\/zeitgeistgermany.com\\\/wp-content\\\/uploads\\\/2024\\\/05\\\/comply-foam-eartips.jpg\",\"width\":768,\"height\":597},{\"@type\":\"BreadcrumbList\",\"@id\":\"https:\\\/\\\/zeitgeistgermany.com\\\/de\\\/produkt\\\/comply-foam-eartips\\\/#breadcrumb\",\"itemListElement\":[{\"@type\":\"ListItem\",\"position\":1,\"name\":\"Startseite\",\"item\":\"https:\\\/\\\/zeitgeistgermany.com\\\/de\\\/\"},{\"@type\":\"ListItem\",\"position\":2,\"name\":\"Store\",\"item\":\"https:\\\/\\\/zeitgeistgermany.com\\\/de\\\/store\\\/\"},{\"@type\":\"ListItem\",\"position\":3,\"name\":\"Comply Foam Eartips\"}]},{\"@type\":\"WebSite\",\"@id\":\"https:\\\/\\\/zeitgeistgermany.com\\\/de\\\/#website\",\"url\":\"https:\\\/\\\/zeitgeistgermany.com\\\/de\\\/\",\"name\":\"zeitgeistgermany.com\",\"description\":\"Finest IEM - made in Germany.\",\"publisher\":{\"@id\":\"https:\\\/\\\/zeitgeistgermany.com\\\/de\\\/#organization\"},\"potentialAction\":[{\"@type\":\"SearchAction\",\"target\":{\"@type\":\"EntryPoint\",\"urlTemplate\":\"https:\\\/\\\/zeitgeistgermany.com\\\/de\\\/?s={search_term_string}\"},\"query-input\":{\"@type\":\"PropertyValueSpecification\",\"valueRequired\":true,\"valueName\":\"search_term_string\"}}],\"inLanguage\":\"de\"},{\"@type\":\"Organization\",\"@id\":\"https:\\\/\\\/zeitgeistgermany.com\\\/de\\\/#organization\",\"name\":\"zeitgeistgermany.com\",\"url\":\"https:\\\/\\\/zeitgeistgermany.com\\\/de\\\/\",\"logo\":{\"@type\":\"ImageObject\",\"inLanguage\":\"de\",\"@id\":\"https:\\\/\\\/zeitgeistgermany.com\\\/de\\\/#\\\/schema\\\/logo\\\/image\\\/\",\"url\":\"https:\\\/\\\/zeitgeistgermany.com\\\/wp-content\\\/uploads\\\/2024\\\/06\\\/webicon.png\",\"contentUrl\":\"https:\\\/\\\/zeitgeistgermany.com\\\/wp-content\\\/uploads\\\/2024\\\/06\\\/webicon.png\",\"width\":512,\"height\":512,\"caption\":\"zeitgeistgermany.com\"},\"image\":{\"@id\":\"https:\\\/\\\/zeitgeistgermany.com\\\/de\\\/#\\\/schema\\\/logo\\\/image\\\/\"}}]}<\/script>\n<!-- \/ Yoast SEO plugin. -->","yoast_head_json":{"title":"Comply Foam Eartips - zeitgeistgermany.com","robots":{"index":"index","follow":"follow","max-snippet":"max-snippet:-1","max-image-preview":"max-image-preview:large","max-video-preview":"max-video-preview:-1"},"canonical":"https:\/\/zeitgeistgermany.com\/de\/produkt\/comply-foam-eartips\/","og_locale":"de_DE","og_type":"article","og_title":"Comply Foam Eartips - zeitgeistgermany.com","og_description":"Weiche Ersatz-Ohrst\u00f6psel aus Memory-Schaumstoff","og_url":"https:\/\/zeitgeistgermany.com\/de\/produkt\/comply-foam-eartips\/","og_site_name":"zeitgeistgermany.com","og_image":[{"width":768,"height":597,"url":"https:\/\/zeitgeistgermany.com\/wp-content\/uploads\/2024\/05\/comply-foam-eartips.jpg","type":"image\/jpeg"}],"twitter_card":"summary_large_image","schema":{"@context":"https:\/\/schema.org","@graph":[{"@type":["WebPage","ItemPage"],"@id":"https:\/\/zeitgeistgermany.com\/de\/produkt\/comply-foam-eartips\/","url":"https:\/\/zeitgeistgermany.com\/de\/produkt\/comply-foam-eartips\/","name":"Comply Foam Eartips - zeitgeistgermany.com","isPartOf":{"@id":"https:\/\/zeitgeistgermany.com\/de\/#website"},"primaryImageOfPage":{"@id":"https:\/\/zeitgeistgermany.com\/de\/produkt\/comply-foam-eartips\/#primaryimage"},"image":{"@id":"https:\/\/zeitgeistgermany.com\/de\/produkt\/comply-foam-eartips\/#primaryimage"},"thumbnailUrl":"https:\/\/zeitgeistgermany.com\/wp-content\/uploads\/2024\/05\/comply-foam-eartips.jpg","datePublished":"2024-05-28T14:37:00+00:00","breadcrumb":{"@id":"https:\/\/zeitgeistgermany.com\/de\/produkt\/comply-foam-eartips\/#breadcrumb"},"inLanguage":"de","potentialAction":[{"@type":"ReadAction","target":["https:\/\/zeitgeistgermany.com\/de\/produkt\/comply-foam-eartips\/"]}]},{"@type":"ImageObject","inLanguage":"de","@id":"https:\/\/zeitgeistgermany.com\/de\/produkt\/comply-foam-eartips\/#primaryimage","url":"https:\/\/zeitgeistgermany.com\/wp-content\/uploads\/2024\/05\/comply-foam-eartips.jpg","contentUrl":"https:\/\/zeitgeistgermany.com\/wp-content\/uploads\/2024\/05\/comply-foam-eartips.jpg","width":768,"height":597},{"@type":"BreadcrumbList","@id":"https:\/\/zeitgeistgermany.com\/de\/produkt\/comply-foam-eartips\/#breadcrumb","itemListElement":[{"@type":"ListItem","position":1,"name":"Startseite","item":"https:\/\/zeitgeistgermany.com\/de\/"},{"@type":"ListItem","position":2,"name":"Store","item":"https:\/\/zeitgeistgermany.com\/de\/store\/"},{"@type":"ListItem","position":3,"name":"Comply Foam Eartips"}]},{"@type":"WebSite","@id":"https:\/\/zeitgeistgermany.com\/de\/#website","url":"https:\/\/zeitgeistgermany.com\/de\/","name":"zeitgeistgermany.com","description":"Finest IEM - made in Germany.","publisher":{"@id":"https:\/\/zeitgeistgermany.com\/de\/#organization"},"potentialAction":[{"@type":"SearchAction","target":{"@type":"EntryPoint","urlTemplate":"https:\/\/zeitgeistgermany.com\/de\/?s={search_term_string}"},"query-input":{"@type":"PropertyValueSpecification","valueRequired":true,"valueName":"search_term_string"}}],"inLanguage":"de"},{"@type":"Organization","@id":"https:\/\/zeitgeistgermany.com\/de\/#organization","name":"zeitgeistgermany.com","url":"https:\/\/zeitgeistgermany.com\/de\/","logo":{"@type":"ImageObject","inLanguage":"de","@id":"https:\/\/zeitgeistgermany.com\/de\/#\/schema\/logo\/image\/","url":"https:\/\/zeitgeistgermany.com\/wp-content\/uploads\/2024\/06\/webicon.png","contentUrl":"https:\/\/zeitgeistgermany.com\/wp-content\/uploads\/2024\/06\/webicon.png","width":512,"height":512,"caption":"zeitgeistgermany.com"},"image":{"@id":"https:\/\/zeitgeistgermany.com\/de\/#\/schema\/logo\/image\/"}}]}},"_links":{"self":[{"href":"https:\/\/zeitgeistgermany.com\/de\/wp-json\/wp\/v2\/product\/3351","targetHints":{"allow":["GET"]}}],"collection":[{"href":"https:\/\/zeitgeistgermany.com\/de\/wp-json\/wp\/v2\/product"}],"about":[{"href":"https:\/\/zeitgeistgermany.com\/de\/wp-json\/wp\/v2\/types\/product"}],"replies":[{"embeddable":true,"href":"https:\/\/zeitgeistgermany.com\/de\/wp-json\/wp\/v2\/comments?post=3351"}],"wp:featuredmedia":[{"embeddable":true,"href":"https:\/\/zeitgeistgermany.com\/de\/wp-json\/wp\/v2\/media\/3333"}],"wp:attachment":[{"href":"https:\/\/zeitgeistgermany.com\/de\/wp-json\/wp\/v2\/media?parent=3351"}],"wp:term":[{"taxonomy":"product_brand","embeddable":true,"href":"https:\/\/zeitgeistgermany.com\/de\/wp-json\/wp\/v2\/product_brand?post=3351"},{"taxonomy":"product_cat","embeddable":true,"href":"https:\/\/zeitgeistgermany.com\/de\/wp-json\/wp\/v2\/product_cat?post=3351"},{"taxonomy":"product_tag","embeddable":true,"href":"https:\/\/zeitgeistgermany.com\/de\/wp-json\/wp\/v2\/product_tag?post=3351"}],"curies":[{"name":"wp","href":"https:\/\/api.w.org\/{rel}","templated":true}]}}