{"id":2978,"date":"2024-05-28T15:28:18","date_gmt":"2024-05-28T13:28:18","guid":{"rendered":"https:\/\/zeitgeistgermany.com\/produkt\/whisky-no-1\/"},"modified":"2024-12-05T12:35:19","modified_gmt":"2024-12-05T11:35:19","slug":"whisky-no-1","status":"publish","type":"product","link":"https:\/\/zeitgeistgermany.com\/de\/produkt\/whisky-no-1\/","title":{"rendered":"Islay Malt No. 1"},"content":{"rendered":"<p>Die In-Ear-Monitore der Whisky-Kollektion werden aus dem Eichenholz eines alten Whiskyfasses hergestellt und sind f\u00fcr alle gedacht, die die feinen Dinge des Lebens genie\u00dfen.<\/p>\n<p><strong>Genie\u00dfen Sie jede Note<\/strong><\/p>\n<p>Erleben Sie einen smoothen, satten und realistischen Klang. Die In-Ear-Monitore von Zeitgeist Germany werden von einer individuellen Treiber Konfiguration angetrieben, die f\u00fcr puren Musikgenuss sorgt.<\/p>\n<p><strong>Individueller Komfort<\/strong><\/p>\n<p>Unsere In-Ear-Monitore verf\u00fcgen \u00fcber ein universelles Design, das h\u00f6chsten Komfort garantiert. W\u00e4hlen Sie aus unseren beiden Gr\u00f6\u00dfen Normal oder Klein die passende aus. Im Lieferumfang sind vier Eartip Gr\u00f6\u00dfen enthalten (XS, S, M, L), um die perfekte Abdichtung zu gew\u00e4hrleisten.<\/p>\n<p><iframe loading=\"lazy\" title=\"Whisky Collection Video\" src=\"https:\/\/player.vimeo.com\/video\/989445485?dnt=1&amp;app_id=122963\" width=\"1020\" height=\"574\" frameborder=\"0\" allow=\"autoplay; fullscreen; picture-in-picture; clipboard-write\"><\/iframe><\/p>\n","protected":false},"excerpt":{"rendered":"<p>Diese In-Ear-Monitore werden aus frisch geleerten Eichen-Whiskyf\u00e4ssern hergestellt und bieten ein H\u00f6rerlebnis, das so reichhaltig und robust ist wie der Scotch, der sie inspiriert hat. Handgefertigt in unserer kleinen Werkstatt in Deutschland.<\/p>\n","protected":false},"featured_media":3106,"comment_status":"closed","ping_status":"closed","template":"","meta":[],"product_brand":[],"product_cat":[232],"product_tag":[],"class_list":{"0":"post-2978","1":"product","2":"type-product","3":"status-publish","4":"has-post-thumbnail","6":"product_cat-whisky-de","8":"first","9":"instock","10":"taxable","11":"shipping-taxable","12":"purchasable","13":"product-type-variable","14":"has-default-attributes"},"yoast_head":"<!-- This site is optimized with the Yoast SEO plugin v27.4 - https:\/\/yoast.com\/product\/yoast-seo-wordpress\/ -->\n<title>Islay Malt No. 1 - zeitgeistgermany.com<\/title>\n<meta name=\"robots\" content=\"index, follow, max-snippet:-1, max-image-preview:large, max-video-preview:-1\" \/>\n<link rel=\"canonical\" href=\"https:\/\/zeitgeistgermany.com\/de\/produkt\/whisky-no-1\/\" \/>\n<meta property=\"og:locale\" content=\"de_DE\" \/>\n<meta property=\"og:type\" content=\"article\" \/>\n<meta property=\"og:title\" content=\"Islay Malt No. 1 - zeitgeistgermany.com\" \/>\n<meta property=\"og:description\" content=\"Diese In-Ear-Monitore werden aus frisch geleerten Eichen-Whiskyf\u00e4ssern hergestellt und bieten ein H\u00f6rerlebnis, das so reichhaltig und robust ist wie der Scotch, der sie inspiriert hat. Handgefertigt in unserer kleinen Werkstatt in Deutschland.\" \/>\n<meta property=\"og:url\" content=\"https:\/\/zeitgeistgermany.com\/de\/produkt\/whisky-no-1\/\" \/>\n<meta property=\"og:site_name\" content=\"zeitgeistgermany.com\" \/>\n<meta property=\"article:modified_time\" content=\"2024-12-05T11:35:19+00:00\" \/>\n<meta property=\"og:image\" content=\"https:\/\/zeitgeistgermany.com\/wp-content\/uploads\/2024\/05\/zeitgeistgermany_whisky_islay-malt-no1_01.jpg\" \/>\n\t<meta property=\"og:image:width\" content=\"2560\" \/>\n\t<meta property=\"og:image:height\" content=\"1706\" \/>\n\t<meta property=\"og:image:type\" content=\"image\/jpeg\" \/>\n<meta name=\"twitter:card\" content=\"summary_large_image\" \/>\n<meta name=\"twitter:label1\" content=\"Gesch\u00e4tzte Lesezeit\" \/>\n\t<meta name=\"twitter:data1\" content=\"1\u00a0Minute\" \/>\n<script type=\"application\/ld+json\" class=\"yoast-schema-graph\">{\"@context\":\"https:\\\/\\\/schema.org\",\"@graph\":[{\"@type\":[\"WebPage\",\"ItemPage\"],\"@id\":\"https:\\\/\\\/zeitgeistgermany.com\\\/de\\\/produkt\\\/whisky-no-1\\\/\",\"url\":\"https:\\\/\\\/zeitgeistgermany.com\\\/de\\\/produkt\\\/whisky-no-1\\\/\",\"name\":\"Islay Malt No. 1 - zeitgeistgermany.com\",\"isPartOf\":{\"@id\":\"https:\\\/\\\/zeitgeistgermany.com\\\/de\\\/#website\"},\"primaryImageOfPage\":{\"@id\":\"https:\\\/\\\/zeitgeistgermany.com\\\/de\\\/produkt\\\/whisky-no-1\\\/#primaryimage\"},\"image\":{\"@id\":\"https:\\\/\\\/zeitgeistgermany.com\\\/de\\\/produkt\\\/whisky-no-1\\\/#primaryimage\"},\"thumbnailUrl\":\"https:\\\/\\\/zeitgeistgermany.com\\\/wp-content\\\/uploads\\\/2024\\\/05\\\/zeitgeistgermany_whisky_islay-malt-no1_01.jpg\",\"datePublished\":\"2024-05-28T13:28:18+00:00\",\"dateModified\":\"2024-12-05T11:35:19+00:00\",\"breadcrumb\":{\"@id\":\"https:\\\/\\\/zeitgeistgermany.com\\\/de\\\/produkt\\\/whisky-no-1\\\/#breadcrumb\"},\"inLanguage\":\"de\",\"potentialAction\":[{\"@type\":\"ReadAction\",\"target\":[\"https:\\\/\\\/zeitgeistgermany.com\\\/de\\\/produkt\\\/whisky-no-1\\\/\"]}]},{\"@type\":\"ImageObject\",\"inLanguage\":\"de\",\"@id\":\"https:\\\/\\\/zeitgeistgermany.com\\\/de\\\/produkt\\\/whisky-no-1\\\/#primaryimage\",\"url\":\"https:\\\/\\\/zeitgeistgermany.com\\\/wp-content\\\/uploads\\\/2024\\\/05\\\/zeitgeistgermany_whisky_islay-malt-no1_01.jpg\",\"contentUrl\":\"https:\\\/\\\/zeitgeistgermany.com\\\/wp-content\\\/uploads\\\/2024\\\/05\\\/zeitgeistgermany_whisky_islay-malt-no1_01.jpg\",\"width\":2560,\"height\":1706},{\"@type\":\"BreadcrumbList\",\"@id\":\"https:\\\/\\\/zeitgeistgermany.com\\\/de\\\/produkt\\\/whisky-no-1\\\/#breadcrumb\",\"itemListElement\":[{\"@type\":\"ListItem\",\"position\":1,\"name\":\"Startseite\",\"item\":\"https:\\\/\\\/zeitgeistgermany.com\\\/de\\\/\"},{\"@type\":\"ListItem\",\"position\":2,\"name\":\"Store\",\"item\":\"https:\\\/\\\/zeitgeistgermany.com\\\/de\\\/store\\\/\"},{\"@type\":\"ListItem\",\"position\":3,\"name\":\"Islay Malt No. 1\"}]},{\"@type\":\"WebSite\",\"@id\":\"https:\\\/\\\/zeitgeistgermany.com\\\/de\\\/#website\",\"url\":\"https:\\\/\\\/zeitgeistgermany.com\\\/de\\\/\",\"name\":\"zeitgeistgermany.com\",\"description\":\"Finest IEM - made in Germany.\",\"publisher\":{\"@id\":\"https:\\\/\\\/zeitgeistgermany.com\\\/de\\\/#organization\"},\"potentialAction\":[{\"@type\":\"SearchAction\",\"target\":{\"@type\":\"EntryPoint\",\"urlTemplate\":\"https:\\\/\\\/zeitgeistgermany.com\\\/de\\\/?s={search_term_string}\"},\"query-input\":{\"@type\":\"PropertyValueSpecification\",\"valueRequired\":true,\"valueName\":\"search_term_string\"}}],\"inLanguage\":\"de\"},{\"@type\":\"Organization\",\"@id\":\"https:\\\/\\\/zeitgeistgermany.com\\\/de\\\/#organization\",\"name\":\"zeitgeistgermany.com\",\"url\":\"https:\\\/\\\/zeitgeistgermany.com\\\/de\\\/\",\"logo\":{\"@type\":\"ImageObject\",\"inLanguage\":\"de\",\"@id\":\"https:\\\/\\\/zeitgeistgermany.com\\\/de\\\/#\\\/schema\\\/logo\\\/image\\\/\",\"url\":\"https:\\\/\\\/zeitgeistgermany.com\\\/wp-content\\\/uploads\\\/2024\\\/06\\\/webicon.png\",\"contentUrl\":\"https:\\\/\\\/zeitgeistgermany.com\\\/wp-content\\\/uploads\\\/2024\\\/06\\\/webicon.png\",\"width\":512,\"height\":512,\"caption\":\"zeitgeistgermany.com\"},\"image\":{\"@id\":\"https:\\\/\\\/zeitgeistgermany.com\\\/de\\\/#\\\/schema\\\/logo\\\/image\\\/\"}}]}<\/script>\n<!-- \/ Yoast SEO plugin. -->","yoast_head_json":{"title":"Islay Malt No. 1 - zeitgeistgermany.com","robots":{"index":"index","follow":"follow","max-snippet":"max-snippet:-1","max-image-preview":"max-image-preview:large","max-video-preview":"max-video-preview:-1"},"canonical":"https:\/\/zeitgeistgermany.com\/de\/produkt\/whisky-no-1\/","og_locale":"de_DE","og_type":"article","og_title":"Islay Malt No. 1 - zeitgeistgermany.com","og_description":"Diese In-Ear-Monitore werden aus frisch geleerten Eichen-Whiskyf\u00e4ssern hergestellt und bieten ein H\u00f6rerlebnis, das so reichhaltig und robust ist wie der Scotch, der sie inspiriert hat. Handgefertigt in unserer kleinen Werkstatt in Deutschland.","og_url":"https:\/\/zeitgeistgermany.com\/de\/produkt\/whisky-no-1\/","og_site_name":"zeitgeistgermany.com","article_modified_time":"2024-12-05T11:35:19+00:00","og_image":[{"width":2560,"height":1706,"url":"https:\/\/zeitgeistgermany.com\/wp-content\/uploads\/2024\/05\/zeitgeistgermany_whisky_islay-malt-no1_01.jpg","type":"image\/jpeg"}],"twitter_card":"summary_large_image","twitter_misc":{"Gesch\u00e4tzte Lesezeit":"1\u00a0Minute"},"schema":{"@context":"https:\/\/schema.org","@graph":[{"@type":["WebPage","ItemPage"],"@id":"https:\/\/zeitgeistgermany.com\/de\/produkt\/whisky-no-1\/","url":"https:\/\/zeitgeistgermany.com\/de\/produkt\/whisky-no-1\/","name":"Islay Malt No. 1 - zeitgeistgermany.com","isPartOf":{"@id":"https:\/\/zeitgeistgermany.com\/de\/#website"},"primaryImageOfPage":{"@id":"https:\/\/zeitgeistgermany.com\/de\/produkt\/whisky-no-1\/#primaryimage"},"image":{"@id":"https:\/\/zeitgeistgermany.com\/de\/produkt\/whisky-no-1\/#primaryimage"},"thumbnailUrl":"https:\/\/zeitgeistgermany.com\/wp-content\/uploads\/2024\/05\/zeitgeistgermany_whisky_islay-malt-no1_01.jpg","datePublished":"2024-05-28T13:28:18+00:00","dateModified":"2024-12-05T11:35:19+00:00","breadcrumb":{"@id":"https:\/\/zeitgeistgermany.com\/de\/produkt\/whisky-no-1\/#breadcrumb"},"inLanguage":"de","potentialAction":[{"@type":"ReadAction","target":["https:\/\/zeitgeistgermany.com\/de\/produkt\/whisky-no-1\/"]}]},{"@type":"ImageObject","inLanguage":"de","@id":"https:\/\/zeitgeistgermany.com\/de\/produkt\/whisky-no-1\/#primaryimage","url":"https:\/\/zeitgeistgermany.com\/wp-content\/uploads\/2024\/05\/zeitgeistgermany_whisky_islay-malt-no1_01.jpg","contentUrl":"https:\/\/zeitgeistgermany.com\/wp-content\/uploads\/2024\/05\/zeitgeistgermany_whisky_islay-malt-no1_01.jpg","width":2560,"height":1706},{"@type":"BreadcrumbList","@id":"https:\/\/zeitgeistgermany.com\/de\/produkt\/whisky-no-1\/#breadcrumb","itemListElement":[{"@type":"ListItem","position":1,"name":"Startseite","item":"https:\/\/zeitgeistgermany.com\/de\/"},{"@type":"ListItem","position":2,"name":"Store","item":"https:\/\/zeitgeistgermany.com\/de\/store\/"},{"@type":"ListItem","position":3,"name":"Islay Malt No. 1"}]},{"@type":"WebSite","@id":"https:\/\/zeitgeistgermany.com\/de\/#website","url":"https:\/\/zeitgeistgermany.com\/de\/","name":"zeitgeistgermany.com","description":"Finest IEM - made in Germany.","publisher":{"@id":"https:\/\/zeitgeistgermany.com\/de\/#organization"},"potentialAction":[{"@type":"SearchAction","target":{"@type":"EntryPoint","urlTemplate":"https:\/\/zeitgeistgermany.com\/de\/?s={search_term_string}"},"query-input":{"@type":"PropertyValueSpecification","valueRequired":true,"valueName":"search_term_string"}}],"inLanguage":"de"},{"@type":"Organization","@id":"https:\/\/zeitgeistgermany.com\/de\/#organization","name":"zeitgeistgermany.com","url":"https:\/\/zeitgeistgermany.com\/de\/","logo":{"@type":"ImageObject","inLanguage":"de","@id":"https:\/\/zeitgeistgermany.com\/de\/#\/schema\/logo\/image\/","url":"https:\/\/zeitgeistgermany.com\/wp-content\/uploads\/2024\/06\/webicon.png","contentUrl":"https:\/\/zeitgeistgermany.com\/wp-content\/uploads\/2024\/06\/webicon.png","width":512,"height":512,"caption":"zeitgeistgermany.com"},"image":{"@id":"https:\/\/zeitgeistgermany.com\/de\/#\/schema\/logo\/image\/"}}]}},"_links":{"self":[{"href":"https:\/\/zeitgeistgermany.com\/de\/wp-json\/wp\/v2\/product\/2978","targetHints":{"allow":["GET"]}}],"collection":[{"href":"https:\/\/zeitgeistgermany.com\/de\/wp-json\/wp\/v2\/product"}],"about":[{"href":"https:\/\/zeitgeistgermany.com\/de\/wp-json\/wp\/v2\/types\/product"}],"replies":[{"embeddable":true,"href":"https:\/\/zeitgeistgermany.com\/de\/wp-json\/wp\/v2\/comments?post=2978"}],"wp:featuredmedia":[{"embeddable":true,"href":"https:\/\/zeitgeistgermany.com\/de\/wp-json\/wp\/v2\/media\/3106"}],"wp:attachment":[{"href":"https:\/\/zeitgeistgermany.com\/de\/wp-json\/wp\/v2\/media?parent=2978"}],"wp:term":[{"taxonomy":"product_brand","embeddable":true,"href":"https:\/\/zeitgeistgermany.com\/de\/wp-json\/wp\/v2\/product_brand?post=2978"},{"taxonomy":"product_cat","embeddable":true,"href":"https:\/\/zeitgeistgermany.com\/de\/wp-json\/wp\/v2\/product_cat?post=2978"},{"taxonomy":"product_tag","embeddable":true,"href":"https:\/\/zeitgeistgermany.com\/de\/wp-json\/wp\/v2\/product_tag?post=2978"}],"curies":[{"name":"wp","href":"https:\/\/api.w.org\/{rel}","templated":true}]}}