{"id":2794,"date":"2024-05-28T16:31:26","date_gmt":"2024-05-28T14:31:26","guid":{"rendered":"https:\/\/zeitgeistgermany.com\/produkt\/apple-3-5mm-auf-lightning-kopfhoerer-adapter\/"},"modified":"2024-06-24T15:25:10","modified_gmt":"2024-06-24T13:25:10","slug":"apple-3-5mm-auf-lightning-kopfhoerer-adapter","status":"publish","type":"product","link":"https:\/\/zeitgeistgermany.com\/de\/produkt\/apple-3-5mm-auf-lightning-kopfhoerer-adapter\/","title":{"rendered":"Apple 3.5mm auf Lightning Adapter"},"content":{"rendered":"<p style=\"font-weight: 400;\">Funktioniert mit allen Ger\u00e4ten, die einen Lightning-Anschluss haben und iOS 10 oder h\u00f6her unterst\u00fctzen, einschlie\u00dflich iPod touch, iPad und iPhone. Kompatibel mit unserem 3,5-mm-Standardkabel.<\/p>\n","protected":false},"excerpt":{"rendered":"<p style=\"font-weight: 400;\">Mit diesem Adapterkannst Du Deine Zeitgeist Germany IEMs an jedes Ger\u00e4t anschlie\u00dfen, das einen Lightning-Anschluss verwendet.<\/p>\n","protected":false},"featured_media":2819,"comment_status":"closed","ping_status":"closed","template":"","meta":[],"product_brand":[],"product_cat":[231],"product_tag":[],"class_list":{"0":"post-2794","1":"product","2":"type-product","3":"status-publish","4":"has-post-thumbnail","6":"product_cat-adapter","8":"first","9":"outofstock","10":"taxable","11":"shipping-taxable","12":"purchasable","13":"product-type-simple"},"yoast_head":"<!-- This site is optimized with the Yoast SEO plugin v27.3 - https:\/\/yoast.com\/product\/yoast-seo-wordpress\/ -->\n<title>Apple 3.5mm auf Lightning Adapter - zeitgeistgermany.com<\/title>\n<meta name=\"robots\" content=\"index, follow, max-snippet:-1, max-image-preview:large, max-video-preview:-1\" \/>\n<link rel=\"canonical\" href=\"https:\/\/zeitgeistgermany.com\/de\/produkt\/apple-3-5mm-auf-lightning-kopfhoerer-adapter\/\" \/>\n<meta property=\"og:locale\" content=\"de_DE\" \/>\n<meta property=\"og:type\" content=\"article\" \/>\n<meta property=\"og:title\" content=\"Apple 3.5mm auf Lightning Adapter - zeitgeistgermany.com\" \/>\n<meta property=\"og:description\" content=\"Mit diesem Adapterkannst Du Deine Zeitgeist Germany IEMs an jedes Ger\u00e4t anschlie\u00dfen, das einen Lightning-Anschluss verwendet.\" \/>\n<meta property=\"og:url\" content=\"https:\/\/zeitgeistgermany.com\/de\/produkt\/apple-3-5mm-auf-lightning-kopfhoerer-adapter\/\" \/>\n<meta property=\"og:site_name\" content=\"zeitgeistgermany.com\" \/>\n<meta property=\"article:modified_time\" content=\"2024-06-24T13:25:10+00:00\" \/>\n<meta property=\"og:image\" content=\"https:\/\/zeitgeistgermany.com\/wp-content\/uploads\/2024\/05\/apple_lightning_adapter01-1.jpg\" \/>\n\t<meta property=\"og:image:width\" content=\"1144\" \/>\n\t<meta property=\"og:image:height\" content=\"1144\" \/>\n\t<meta property=\"og:image:type\" content=\"image\/jpeg\" \/>\n<meta name=\"twitter:card\" content=\"summary_large_image\" \/>\n<script type=\"application\/ld+json\" class=\"yoast-schema-graph\">{\"@context\":\"https:\\\/\\\/schema.org\",\"@graph\":[{\"@type\":[\"WebPage\",\"ItemPage\"],\"@id\":\"https:\\\/\\\/zeitgeistgermany.com\\\/de\\\/produkt\\\/apple-3-5mm-auf-lightning-kopfhoerer-adapter\\\/\",\"url\":\"https:\\\/\\\/zeitgeistgermany.com\\\/de\\\/produkt\\\/apple-3-5mm-auf-lightning-kopfhoerer-adapter\\\/\",\"name\":\"Apple 3.5mm auf Lightning Adapter - zeitgeistgermany.com\",\"isPartOf\":{\"@id\":\"https:\\\/\\\/zeitgeistgermany.com\\\/de\\\/#website\"},\"primaryImageOfPage\":{\"@id\":\"https:\\\/\\\/zeitgeistgermany.com\\\/de\\\/produkt\\\/apple-3-5mm-auf-lightning-kopfhoerer-adapter\\\/#primaryimage\"},\"image\":{\"@id\":\"https:\\\/\\\/zeitgeistgermany.com\\\/de\\\/produkt\\\/apple-3-5mm-auf-lightning-kopfhoerer-adapter\\\/#primaryimage\"},\"thumbnailUrl\":\"https:\\\/\\\/zeitgeistgermany.com\\\/wp-content\\\/uploads\\\/2024\\\/05\\\/apple_lightning_adapter01-1.jpg\",\"datePublished\":\"2024-05-28T14:31:26+00:00\",\"dateModified\":\"2024-06-24T13:25:10+00:00\",\"breadcrumb\":{\"@id\":\"https:\\\/\\\/zeitgeistgermany.com\\\/de\\\/produkt\\\/apple-3-5mm-auf-lightning-kopfhoerer-adapter\\\/#breadcrumb\"},\"inLanguage\":\"de\",\"potentialAction\":[{\"@type\":\"ReadAction\",\"target\":[\"https:\\\/\\\/zeitgeistgermany.com\\\/de\\\/produkt\\\/apple-3-5mm-auf-lightning-kopfhoerer-adapter\\\/\"]}]},{\"@type\":\"ImageObject\",\"inLanguage\":\"de\",\"@id\":\"https:\\\/\\\/zeitgeistgermany.com\\\/de\\\/produkt\\\/apple-3-5mm-auf-lightning-kopfhoerer-adapter\\\/#primaryimage\",\"url\":\"https:\\\/\\\/zeitgeistgermany.com\\\/wp-content\\\/uploads\\\/2024\\\/05\\\/apple_lightning_adapter01-1.jpg\",\"contentUrl\":\"https:\\\/\\\/zeitgeistgermany.com\\\/wp-content\\\/uploads\\\/2024\\\/05\\\/apple_lightning_adapter01-1.jpg\",\"width\":1144,\"height\":1144},{\"@type\":\"BreadcrumbList\",\"@id\":\"https:\\\/\\\/zeitgeistgermany.com\\\/de\\\/produkt\\\/apple-3-5mm-auf-lightning-kopfhoerer-adapter\\\/#breadcrumb\",\"itemListElement\":[{\"@type\":\"ListItem\",\"position\":1,\"name\":\"Startseite\",\"item\":\"https:\\\/\\\/zeitgeistgermany.com\\\/de\\\/\"},{\"@type\":\"ListItem\",\"position\":2,\"name\":\"Store\",\"item\":\"https:\\\/\\\/zeitgeistgermany.com\\\/de\\\/store\\\/\"},{\"@type\":\"ListItem\",\"position\":3,\"name\":\"Apple 3.5mm auf Lightning Adapter\"}]},{\"@type\":\"WebSite\",\"@id\":\"https:\\\/\\\/zeitgeistgermany.com\\\/de\\\/#website\",\"url\":\"https:\\\/\\\/zeitgeistgermany.com\\\/de\\\/\",\"name\":\"zeitgeistgermany.com\",\"description\":\"Finest IEM - made in Germany.\",\"publisher\":{\"@id\":\"https:\\\/\\\/zeitgeistgermany.com\\\/de\\\/#organization\"},\"potentialAction\":[{\"@type\":\"SearchAction\",\"target\":{\"@type\":\"EntryPoint\",\"urlTemplate\":\"https:\\\/\\\/zeitgeistgermany.com\\\/de\\\/?s={search_term_string}\"},\"query-input\":{\"@type\":\"PropertyValueSpecification\",\"valueRequired\":true,\"valueName\":\"search_term_string\"}}],\"inLanguage\":\"de\"},{\"@type\":\"Organization\",\"@id\":\"https:\\\/\\\/zeitgeistgermany.com\\\/de\\\/#organization\",\"name\":\"zeitgeistgermany.com\",\"url\":\"https:\\\/\\\/zeitgeistgermany.com\\\/de\\\/\",\"logo\":{\"@type\":\"ImageObject\",\"inLanguage\":\"de\",\"@id\":\"https:\\\/\\\/zeitgeistgermany.com\\\/de\\\/#\\\/schema\\\/logo\\\/image\\\/\",\"url\":\"https:\\\/\\\/zeitgeistgermany.com\\\/wp-content\\\/uploads\\\/2024\\\/06\\\/webicon.png\",\"contentUrl\":\"https:\\\/\\\/zeitgeistgermany.com\\\/wp-content\\\/uploads\\\/2024\\\/06\\\/webicon.png\",\"width\":512,\"height\":512,\"caption\":\"zeitgeistgermany.com\"},\"image\":{\"@id\":\"https:\\\/\\\/zeitgeistgermany.com\\\/de\\\/#\\\/schema\\\/logo\\\/image\\\/\"}}]}<\/script>\n<!-- \/ Yoast SEO plugin. -->","yoast_head_json":{"title":"Apple 3.5mm auf Lightning Adapter - zeitgeistgermany.com","robots":{"index":"index","follow":"follow","max-snippet":"max-snippet:-1","max-image-preview":"max-image-preview:large","max-video-preview":"max-video-preview:-1"},"canonical":"https:\/\/zeitgeistgermany.com\/de\/produkt\/apple-3-5mm-auf-lightning-kopfhoerer-adapter\/","og_locale":"de_DE","og_type":"article","og_title":"Apple 3.5mm auf Lightning Adapter - zeitgeistgermany.com","og_description":"Mit diesem Adapterkannst Du Deine Zeitgeist Germany IEMs an jedes Ger\u00e4t anschlie\u00dfen, das einen Lightning-Anschluss verwendet.","og_url":"https:\/\/zeitgeistgermany.com\/de\/produkt\/apple-3-5mm-auf-lightning-kopfhoerer-adapter\/","og_site_name":"zeitgeistgermany.com","article_modified_time":"2024-06-24T13:25:10+00:00","og_image":[{"width":1144,"height":1144,"url":"https:\/\/zeitgeistgermany.com\/wp-content\/uploads\/2024\/05\/apple_lightning_adapter01-1.jpg","type":"image\/jpeg"}],"twitter_card":"summary_large_image","schema":{"@context":"https:\/\/schema.org","@graph":[{"@type":["WebPage","ItemPage"],"@id":"https:\/\/zeitgeistgermany.com\/de\/produkt\/apple-3-5mm-auf-lightning-kopfhoerer-adapter\/","url":"https:\/\/zeitgeistgermany.com\/de\/produkt\/apple-3-5mm-auf-lightning-kopfhoerer-adapter\/","name":"Apple 3.5mm auf Lightning Adapter - zeitgeistgermany.com","isPartOf":{"@id":"https:\/\/zeitgeistgermany.com\/de\/#website"},"primaryImageOfPage":{"@id":"https:\/\/zeitgeistgermany.com\/de\/produkt\/apple-3-5mm-auf-lightning-kopfhoerer-adapter\/#primaryimage"},"image":{"@id":"https:\/\/zeitgeistgermany.com\/de\/produkt\/apple-3-5mm-auf-lightning-kopfhoerer-adapter\/#primaryimage"},"thumbnailUrl":"https:\/\/zeitgeistgermany.com\/wp-content\/uploads\/2024\/05\/apple_lightning_adapter01-1.jpg","datePublished":"2024-05-28T14:31:26+00:00","dateModified":"2024-06-24T13:25:10+00:00","breadcrumb":{"@id":"https:\/\/zeitgeistgermany.com\/de\/produkt\/apple-3-5mm-auf-lightning-kopfhoerer-adapter\/#breadcrumb"},"inLanguage":"de","potentialAction":[{"@type":"ReadAction","target":["https:\/\/zeitgeistgermany.com\/de\/produkt\/apple-3-5mm-auf-lightning-kopfhoerer-adapter\/"]}]},{"@type":"ImageObject","inLanguage":"de","@id":"https:\/\/zeitgeistgermany.com\/de\/produkt\/apple-3-5mm-auf-lightning-kopfhoerer-adapter\/#primaryimage","url":"https:\/\/zeitgeistgermany.com\/wp-content\/uploads\/2024\/05\/apple_lightning_adapter01-1.jpg","contentUrl":"https:\/\/zeitgeistgermany.com\/wp-content\/uploads\/2024\/05\/apple_lightning_adapter01-1.jpg","width":1144,"height":1144},{"@type":"BreadcrumbList","@id":"https:\/\/zeitgeistgermany.com\/de\/produkt\/apple-3-5mm-auf-lightning-kopfhoerer-adapter\/#breadcrumb","itemListElement":[{"@type":"ListItem","position":1,"name":"Startseite","item":"https:\/\/zeitgeistgermany.com\/de\/"},{"@type":"ListItem","position":2,"name":"Store","item":"https:\/\/zeitgeistgermany.com\/de\/store\/"},{"@type":"ListItem","position":3,"name":"Apple 3.5mm auf Lightning Adapter"}]},{"@type":"WebSite","@id":"https:\/\/zeitgeistgermany.com\/de\/#website","url":"https:\/\/zeitgeistgermany.com\/de\/","name":"zeitgeistgermany.com","description":"Finest IEM - made in Germany.","publisher":{"@id":"https:\/\/zeitgeistgermany.com\/de\/#organization"},"potentialAction":[{"@type":"SearchAction","target":{"@type":"EntryPoint","urlTemplate":"https:\/\/zeitgeistgermany.com\/de\/?s={search_term_string}"},"query-input":{"@type":"PropertyValueSpecification","valueRequired":true,"valueName":"search_term_string"}}],"inLanguage":"de"},{"@type":"Organization","@id":"https:\/\/zeitgeistgermany.com\/de\/#organization","name":"zeitgeistgermany.com","url":"https:\/\/zeitgeistgermany.com\/de\/","logo":{"@type":"ImageObject","inLanguage":"de","@id":"https:\/\/zeitgeistgermany.com\/de\/#\/schema\/logo\/image\/","url":"https:\/\/zeitgeistgermany.com\/wp-content\/uploads\/2024\/06\/webicon.png","contentUrl":"https:\/\/zeitgeistgermany.com\/wp-content\/uploads\/2024\/06\/webicon.png","width":512,"height":512,"caption":"zeitgeistgermany.com"},"image":{"@id":"https:\/\/zeitgeistgermany.com\/de\/#\/schema\/logo\/image\/"}}]}},"_links":{"self":[{"href":"https:\/\/zeitgeistgermany.com\/de\/wp-json\/wp\/v2\/product\/2794","targetHints":{"allow":["GET"]}}],"collection":[{"href":"https:\/\/zeitgeistgermany.com\/de\/wp-json\/wp\/v2\/product"}],"about":[{"href":"https:\/\/zeitgeistgermany.com\/de\/wp-json\/wp\/v2\/types\/product"}],"replies":[{"embeddable":true,"href":"https:\/\/zeitgeistgermany.com\/de\/wp-json\/wp\/v2\/comments?post=2794"}],"wp:featuredmedia":[{"embeddable":true,"href":"https:\/\/zeitgeistgermany.com\/de\/wp-json\/wp\/v2\/media\/2819"}],"wp:attachment":[{"href":"https:\/\/zeitgeistgermany.com\/de\/wp-json\/wp\/v2\/media?parent=2794"}],"wp:term":[{"taxonomy":"product_brand","embeddable":true,"href":"https:\/\/zeitgeistgermany.com\/de\/wp-json\/wp\/v2\/product_brand?post=2794"},{"taxonomy":"product_cat","embeddable":true,"href":"https:\/\/zeitgeistgermany.com\/de\/wp-json\/wp\/v2\/product_cat?post=2794"},{"taxonomy":"product_tag","embeddable":true,"href":"https:\/\/zeitgeistgermany.com\/de\/wp-json\/wp\/v2\/product_tag?post=2794"}],"curies":[{"name":"wp","href":"https:\/\/api.w.org\/{rel}","templated":true}]}}