{"id":2759,"date":"2024-05-28T16:34:08","date_gmt":"2024-05-28T14:34:08","guid":{"rendered":"https:\/\/zeitgeistgermany.com\/produkt\/2-pin-zu-3-5mm-standard-kabel\/"},"modified":"2024-06-24T15:23:59","modified_gmt":"2024-06-24T13:23:59","slug":"2-pin-zu-3-5mm-standard-kabel","status":"publish","type":"product","link":"https:\/\/zeitgeistgermany.com\/de\/produkt\/2-pin-zu-3-5mm-standard-kabel\/","title":{"rendered":"3.5mm Premium Kabel"},"content":{"rendered":"<p style=\"font-weight: 400;\">Mit dem h\u00f6chsten Standard an sauerstofffreiem Kupfer in einer 8-adrigen geflochtenen Konstruktion gew\u00e4hrleistet dieses Kabel eine hervorragende Leitf\u00e4higkeit und Aufl\u00f6sung f\u00fcr einen nat\u00fcrlichen, detaillierten Klang.<\/p>\n<p style=\"font-weight: 400;\">Wesentliche Merkmale:<\/p>\n<ul>\n<li><strong>Hochreines, versilbertes, monokristallines Kupfer<\/strong> mit verbesserter Leitf\u00e4higkeit und Audioaufl\u00f6sung f\u00fcr ein intensiveres H\u00f6rerlebnis.<\/li>\n<li><strong>Solide, massive 8-Draht-Konstruktion<\/strong>, die f\u00fcr bessere Haltbarkeit und geringeren Widerstand sorgt.<\/li>\n<li><strong>Vergoldete Anschl\u00fcsse<\/strong>, die eine hohe Strom\u00fcbertragung und eine lange Lebensdauer gew\u00e4hrleisten.<\/li>\n<li><strong>Stecker und Splitter aus Aluminium<\/strong>, f\u00fcr zus\u00e4tzliche Haltbarkeit und Zuverl\u00e4ssigkeit.<\/li>\n<li><strong>Geringe Kabelger\u00e4usche<\/strong>, selbst bei Ber\u00fchrungeen, f\u00fcr ein ungest\u00f6rtes H\u00f6rerlebnis.<\/li>\n<\/ul>\n","protected":false},"excerpt":{"rendered":"<p style=\"font-weight: 400;\">Erlebe un\u00fcbertroffene Audioqualit\u00e4t mit unserem 3,5-mm-Kabel, das speziell daf\u00fcr entwickelt wurde das volle Potenzial Ihrer Zeitgeist Germany IEMs zu entfalten. Dieses aus hochreinem, versilbertem monokristallinem Kupfer geflochtene Kabel ist ideal f\u00fcr Ihr Smartphone, Notebook oder Tablet.<\/p>\n","protected":false},"featured_media":2841,"comment_status":"closed","ping_status":"closed","template":"","meta":[],"product_brand":[],"product_cat":[143],"product_tag":[],"class_list":{"0":"post-2759","1":"product","2":"type-product","3":"status-publish","4":"has-post-thumbnail","6":"product_cat-kabel","8":"first","9":"instock","10":"sale","11":"taxable","12":"shipping-taxable","13":"purchasable","14":"product-type-simple"},"yoast_head":"<!-- This site is optimized with the Yoast SEO plugin v27.3 - https:\/\/yoast.com\/product\/yoast-seo-wordpress\/ -->\n<title>3.5mm Premium Kabel - zeitgeistgermany.com<\/title>\n<meta name=\"robots\" content=\"index, follow, max-snippet:-1, max-image-preview:large, max-video-preview:-1\" \/>\n<link rel=\"canonical\" href=\"https:\/\/zeitgeistgermany.com\/de\/produkt\/2-pin-zu-3-5mm-standard-kabel\/\" \/>\n<meta property=\"og:locale\" content=\"de_DE\" \/>\n<meta property=\"og:type\" content=\"article\" \/>\n<meta property=\"og:title\" content=\"3.5mm Premium Kabel - zeitgeistgermany.com\" \/>\n<meta property=\"og:description\" content=\"Erlebe un\u00fcbertroffene Audioqualit\u00e4t mit unserem 3,5-mm-Kabel, das speziell daf\u00fcr entwickelt wurde das volle Potenzial Ihrer Zeitgeist Germany IEMs zu entfalten. Dieses aus hochreinem, versilbertem monokristallinem Kupfer geflochtene Kabel ist ideal f\u00fcr Ihr Smartphone, Notebook oder Tablet.\" \/>\n<meta property=\"og:url\" content=\"https:\/\/zeitgeistgermany.com\/de\/produkt\/2-pin-zu-3-5mm-standard-kabel\/\" \/>\n<meta property=\"og:site_name\" content=\"zeitgeistgermany.com\" \/>\n<meta property=\"article:modified_time\" content=\"2024-06-24T13:23:59+00:00\" \/>\n<meta property=\"og:image\" content=\"https:\/\/zeitgeistgermany.com\/wp-content\/uploads\/2024\/05\/3.5mm-zeitgeist-cable.jpg\" \/>\n\t<meta property=\"og:image:width\" content=\"1000\" \/>\n\t<meta property=\"og:image:height\" content=\"1000\" \/>\n\t<meta property=\"og:image:type\" content=\"image\/jpeg\" \/>\n<meta name=\"twitter:card\" content=\"summary_large_image\" \/>\n<meta name=\"twitter:label1\" content=\"Gesch\u00e4tzte Lesezeit\" \/>\n\t<meta name=\"twitter:data1\" content=\"1\u00a0Minute\" \/>\n<script type=\"application\/ld+json\" class=\"yoast-schema-graph\">{\"@context\":\"https:\\\/\\\/schema.org\",\"@graph\":[{\"@type\":[\"WebPage\",\"ItemPage\"],\"@id\":\"https:\\\/\\\/zeitgeistgermany.com\\\/de\\\/produkt\\\/2-pin-zu-3-5mm-standard-kabel\\\/\",\"url\":\"https:\\\/\\\/zeitgeistgermany.com\\\/de\\\/produkt\\\/2-pin-zu-3-5mm-standard-kabel\\\/\",\"name\":\"3.5mm Premium Kabel - zeitgeistgermany.com\",\"isPartOf\":{\"@id\":\"https:\\\/\\\/zeitgeistgermany.com\\\/de\\\/#website\"},\"primaryImageOfPage\":{\"@id\":\"https:\\\/\\\/zeitgeistgermany.com\\\/de\\\/produkt\\\/2-pin-zu-3-5mm-standard-kabel\\\/#primaryimage\"},\"image\":{\"@id\":\"https:\\\/\\\/zeitgeistgermany.com\\\/de\\\/produkt\\\/2-pin-zu-3-5mm-standard-kabel\\\/#primaryimage\"},\"thumbnailUrl\":\"https:\\\/\\\/zeitgeistgermany.com\\\/wp-content\\\/uploads\\\/2024\\\/05\\\/3.5mm-zeitgeist-cable.jpg\",\"datePublished\":\"2024-05-28T14:34:08+00:00\",\"dateModified\":\"2024-06-24T13:23:59+00:00\",\"breadcrumb\":{\"@id\":\"https:\\\/\\\/zeitgeistgermany.com\\\/de\\\/produkt\\\/2-pin-zu-3-5mm-standard-kabel\\\/#breadcrumb\"},\"inLanguage\":\"de\",\"potentialAction\":[{\"@type\":\"ReadAction\",\"target\":[\"https:\\\/\\\/zeitgeistgermany.com\\\/de\\\/produkt\\\/2-pin-zu-3-5mm-standard-kabel\\\/\"]}]},{\"@type\":\"ImageObject\",\"inLanguage\":\"de\",\"@id\":\"https:\\\/\\\/zeitgeistgermany.com\\\/de\\\/produkt\\\/2-pin-zu-3-5mm-standard-kabel\\\/#primaryimage\",\"url\":\"https:\\\/\\\/zeitgeistgermany.com\\\/wp-content\\\/uploads\\\/2024\\\/05\\\/3.5mm-zeitgeist-cable.jpg\",\"contentUrl\":\"https:\\\/\\\/zeitgeistgermany.com\\\/wp-content\\\/uploads\\\/2024\\\/05\\\/3.5mm-zeitgeist-cable.jpg\",\"width\":1000,\"height\":1000},{\"@type\":\"BreadcrumbList\",\"@id\":\"https:\\\/\\\/zeitgeistgermany.com\\\/de\\\/produkt\\\/2-pin-zu-3-5mm-standard-kabel\\\/#breadcrumb\",\"itemListElement\":[{\"@type\":\"ListItem\",\"position\":1,\"name\":\"Startseite\",\"item\":\"https:\\\/\\\/zeitgeistgermany.com\\\/de\\\/\"},{\"@type\":\"ListItem\",\"position\":2,\"name\":\"Store\",\"item\":\"https:\\\/\\\/zeitgeistgermany.com\\\/de\\\/store\\\/\"},{\"@type\":\"ListItem\",\"position\":3,\"name\":\"3.5mm Premium Kabel\"}]},{\"@type\":\"WebSite\",\"@id\":\"https:\\\/\\\/zeitgeistgermany.com\\\/de\\\/#website\",\"url\":\"https:\\\/\\\/zeitgeistgermany.com\\\/de\\\/\",\"name\":\"zeitgeistgermany.com\",\"description\":\"Finest IEM - made in Germany.\",\"publisher\":{\"@id\":\"https:\\\/\\\/zeitgeistgermany.com\\\/de\\\/#organization\"},\"potentialAction\":[{\"@type\":\"SearchAction\",\"target\":{\"@type\":\"EntryPoint\",\"urlTemplate\":\"https:\\\/\\\/zeitgeistgermany.com\\\/de\\\/?s={search_term_string}\"},\"query-input\":{\"@type\":\"PropertyValueSpecification\",\"valueRequired\":true,\"valueName\":\"search_term_string\"}}],\"inLanguage\":\"de\"},{\"@type\":\"Organization\",\"@id\":\"https:\\\/\\\/zeitgeistgermany.com\\\/de\\\/#organization\",\"name\":\"zeitgeistgermany.com\",\"url\":\"https:\\\/\\\/zeitgeistgermany.com\\\/de\\\/\",\"logo\":{\"@type\":\"ImageObject\",\"inLanguage\":\"de\",\"@id\":\"https:\\\/\\\/zeitgeistgermany.com\\\/de\\\/#\\\/schema\\\/logo\\\/image\\\/\",\"url\":\"https:\\\/\\\/zeitgeistgermany.com\\\/wp-content\\\/uploads\\\/2024\\\/06\\\/webicon.png\",\"contentUrl\":\"https:\\\/\\\/zeitgeistgermany.com\\\/wp-content\\\/uploads\\\/2024\\\/06\\\/webicon.png\",\"width\":512,\"height\":512,\"caption\":\"zeitgeistgermany.com\"},\"image\":{\"@id\":\"https:\\\/\\\/zeitgeistgermany.com\\\/de\\\/#\\\/schema\\\/logo\\\/image\\\/\"}}]}<\/script>\n<!-- \/ Yoast SEO plugin. -->","yoast_head_json":{"title":"3.5mm Premium Kabel - zeitgeistgermany.com","robots":{"index":"index","follow":"follow","max-snippet":"max-snippet:-1","max-image-preview":"max-image-preview:large","max-video-preview":"max-video-preview:-1"},"canonical":"https:\/\/zeitgeistgermany.com\/de\/produkt\/2-pin-zu-3-5mm-standard-kabel\/","og_locale":"de_DE","og_type":"article","og_title":"3.5mm Premium Kabel - zeitgeistgermany.com","og_description":"Erlebe un\u00fcbertroffene Audioqualit\u00e4t mit unserem 3,5-mm-Kabel, das speziell daf\u00fcr entwickelt wurde das volle Potenzial Ihrer Zeitgeist Germany IEMs zu entfalten. Dieses aus hochreinem, versilbertem monokristallinem Kupfer geflochtene Kabel ist ideal f\u00fcr Ihr Smartphone, Notebook oder Tablet.","og_url":"https:\/\/zeitgeistgermany.com\/de\/produkt\/2-pin-zu-3-5mm-standard-kabel\/","og_site_name":"zeitgeistgermany.com","article_modified_time":"2024-06-24T13:23:59+00:00","og_image":[{"width":1000,"height":1000,"url":"https:\/\/zeitgeistgermany.com\/wp-content\/uploads\/2024\/05\/3.5mm-zeitgeist-cable.jpg","type":"image\/jpeg"}],"twitter_card":"summary_large_image","twitter_misc":{"Gesch\u00e4tzte Lesezeit":"1\u00a0Minute"},"schema":{"@context":"https:\/\/schema.org","@graph":[{"@type":["WebPage","ItemPage"],"@id":"https:\/\/zeitgeistgermany.com\/de\/produkt\/2-pin-zu-3-5mm-standard-kabel\/","url":"https:\/\/zeitgeistgermany.com\/de\/produkt\/2-pin-zu-3-5mm-standard-kabel\/","name":"3.5mm Premium Kabel - zeitgeistgermany.com","isPartOf":{"@id":"https:\/\/zeitgeistgermany.com\/de\/#website"},"primaryImageOfPage":{"@id":"https:\/\/zeitgeistgermany.com\/de\/produkt\/2-pin-zu-3-5mm-standard-kabel\/#primaryimage"},"image":{"@id":"https:\/\/zeitgeistgermany.com\/de\/produkt\/2-pin-zu-3-5mm-standard-kabel\/#primaryimage"},"thumbnailUrl":"https:\/\/zeitgeistgermany.com\/wp-content\/uploads\/2024\/05\/3.5mm-zeitgeist-cable.jpg","datePublished":"2024-05-28T14:34:08+00:00","dateModified":"2024-06-24T13:23:59+00:00","breadcrumb":{"@id":"https:\/\/zeitgeistgermany.com\/de\/produkt\/2-pin-zu-3-5mm-standard-kabel\/#breadcrumb"},"inLanguage":"de","potentialAction":[{"@type":"ReadAction","target":["https:\/\/zeitgeistgermany.com\/de\/produkt\/2-pin-zu-3-5mm-standard-kabel\/"]}]},{"@type":"ImageObject","inLanguage":"de","@id":"https:\/\/zeitgeistgermany.com\/de\/produkt\/2-pin-zu-3-5mm-standard-kabel\/#primaryimage","url":"https:\/\/zeitgeistgermany.com\/wp-content\/uploads\/2024\/05\/3.5mm-zeitgeist-cable.jpg","contentUrl":"https:\/\/zeitgeistgermany.com\/wp-content\/uploads\/2024\/05\/3.5mm-zeitgeist-cable.jpg","width":1000,"height":1000},{"@type":"BreadcrumbList","@id":"https:\/\/zeitgeistgermany.com\/de\/produkt\/2-pin-zu-3-5mm-standard-kabel\/#breadcrumb","itemListElement":[{"@type":"ListItem","position":1,"name":"Startseite","item":"https:\/\/zeitgeistgermany.com\/de\/"},{"@type":"ListItem","position":2,"name":"Store","item":"https:\/\/zeitgeistgermany.com\/de\/store\/"},{"@type":"ListItem","position":3,"name":"3.5mm Premium Kabel"}]},{"@type":"WebSite","@id":"https:\/\/zeitgeistgermany.com\/de\/#website","url":"https:\/\/zeitgeistgermany.com\/de\/","name":"zeitgeistgermany.com","description":"Finest IEM - made in Germany.","publisher":{"@id":"https:\/\/zeitgeistgermany.com\/de\/#organization"},"potentialAction":[{"@type":"SearchAction","target":{"@type":"EntryPoint","urlTemplate":"https:\/\/zeitgeistgermany.com\/de\/?s={search_term_string}"},"query-input":{"@type":"PropertyValueSpecification","valueRequired":true,"valueName":"search_term_string"}}],"inLanguage":"de"},{"@type":"Organization","@id":"https:\/\/zeitgeistgermany.com\/de\/#organization","name":"zeitgeistgermany.com","url":"https:\/\/zeitgeistgermany.com\/de\/","logo":{"@type":"ImageObject","inLanguage":"de","@id":"https:\/\/zeitgeistgermany.com\/de\/#\/schema\/logo\/image\/","url":"https:\/\/zeitgeistgermany.com\/wp-content\/uploads\/2024\/06\/webicon.png","contentUrl":"https:\/\/zeitgeistgermany.com\/wp-content\/uploads\/2024\/06\/webicon.png","width":512,"height":512,"caption":"zeitgeistgermany.com"},"image":{"@id":"https:\/\/zeitgeistgermany.com\/de\/#\/schema\/logo\/image\/"}}]}},"_links":{"self":[{"href":"https:\/\/zeitgeistgermany.com\/de\/wp-json\/wp\/v2\/product\/2759","targetHints":{"allow":["GET"]}}],"collection":[{"href":"https:\/\/zeitgeistgermany.com\/de\/wp-json\/wp\/v2\/product"}],"about":[{"href":"https:\/\/zeitgeistgermany.com\/de\/wp-json\/wp\/v2\/types\/product"}],"replies":[{"embeddable":true,"href":"https:\/\/zeitgeistgermany.com\/de\/wp-json\/wp\/v2\/comments?post=2759"}],"wp:featuredmedia":[{"embeddable":true,"href":"https:\/\/zeitgeistgermany.com\/de\/wp-json\/wp\/v2\/media\/2841"}],"wp:attachment":[{"href":"https:\/\/zeitgeistgermany.com\/de\/wp-json\/wp\/v2\/media?parent=2759"}],"wp:term":[{"taxonomy":"product_brand","embeddable":true,"href":"https:\/\/zeitgeistgermany.com\/de\/wp-json\/wp\/v2\/product_brand?post=2759"},{"taxonomy":"product_cat","embeddable":true,"href":"https:\/\/zeitgeistgermany.com\/de\/wp-json\/wp\/v2\/product_cat?post=2759"},{"taxonomy":"product_tag","embeddable":true,"href":"https:\/\/zeitgeistgermany.com\/de\/wp-json\/wp\/v2\/product_tag?post=2759"}],"curies":[{"name":"wp","href":"https:\/\/api.w.org\/{rel}","templated":true}]}}