{"id":2708,"date":"2024-05-28T16:14:56","date_gmt":"2024-05-28T14:14:56","guid":{"rendered":"https:\/\/zeitgeistgermany.com\/produkt\/astellkern-hb1-bluetooth-dac-amp\/"},"modified":"2025-05-26T15:44:27","modified_gmt":"2025-05-26T13:44:27","slug":"astellkern-hb1-bluetooth-dac-amp","status":"publish","type":"product","link":"https:\/\/zeitgeistgermany.com\/de\/produkt\/astellkern-hb1-bluetooth-dac-amp\/","title":{"rendered":"Astell&amp;Kern HB1 Bluetooth DAC\/AMP"},"content":{"rendered":"<p><span style=\"font-weight: 400;\">Verbinde Dein mobiles Ger\u00e4t \u00fcber Bluetooth mit dem AK HB1 und erschlie\u00dfe Dir so eine Welt des nahtlosen, kabellosen Hi-Fi-Sounds f\u00fcr eine Vielzahl von IEMs und Kopfh\u00f6rern. Erm\u00f6glicht wird dies durch seine kompakte, leichte Bauweise und einen robusten eingebauten Verst\u00e4rker. Dar\u00fcber hinaus bietet der AK HB1 die f\u00fcr Astell&amp;Kern typische Klangqualit\u00e4t durch die USB-DAC-Funktionalit\u00e4t, die nahtlose Verbindung mit Gaming-Ger\u00e4ten und ein immersives Multimedia-Erlebnis mit Mikrofonen. Verwandel Deinmobiles Ger\u00e4t in ein Zentrum f\u00fcr grenzenlose Audio- und Unterhaltungsm\u00f6glichkeiten.<\/span><\/p>\n<p><strong>Highlights<\/strong><\/p>\n<ul>\n<li style=\"font-weight: 400;\" aria-level=\"1\"><span style=\"font-weight: 400;\">3.5-mm and 4.4-mm Dual Output<\/span><\/li>\n<li style=\"font-weight: 400;\" aria-level=\"1\"><span style=\"font-weight: 400;\">Unterst\u00fctzt LDAC und aptX\u2122HD f\u00fcr hochwertigen Bluetooth Sound<\/span><\/li>\n<li style=\"font-weight: 400;\" aria-level=\"1\"><span style=\"font-weight: 400;\">Merkmale ESS ES9281AC PRO DAC<\/span><\/li>\n<li style=\"font-weight: 400;\" aria-level=\"1\"><span style=\"font-weight: 400;\">Separater DAC und AMP f\u00fcr ein erstklassiges HiFi-Erlebnis<\/span><\/li>\n<li style=\"font-weight: 400;\" aria-level=\"1\"><span style=\"font-weight: 400;\">Plug &amp; Play USB-DAC-Funktion<\/span><\/li>\n<li style=\"font-weight: 400;\" aria-level=\"1\"><span style=\"font-weight: 400;\">Austauschbares Kabel (Typ-C- und Lightning-Kabel im Lieferumfang enthalten)<\/span><\/li>\n<li style=\"font-weight: 400;\" aria-level=\"1\"><span style=\"font-weight: 400;\">Unterst\u00fctzt UAC 1.0 (Games)<\/span><\/li>\n<li style=\"font-weight: 400;\" aria-level=\"1\"><span style=\"font-weight: 400;\">Klare und lebendige Stimmwiedergabe bei Anrufen<\/span><\/li>\n<li style=\"font-weight: 400;\" aria-level=\"1\"><span style=\"font-weight: 400;\">Unterst\u00fctzt Automodu<\/span><\/li>\n<li style=\"font-weight: 400;\" aria-level=\"1\"><span style=\"font-weight: 400;\">Multi-Point-Verbindung (bis zu zwei Ger\u00e4te)<\/span><\/li>\n<li style=\"font-weight: 400;\" aria-level=\"1\"><span style=\"font-weight: 400;\">MQA Renderer<\/span><\/li>\n<\/ul>\n","protected":false},"excerpt":{"rendered":"<p><span style=\"font-weight: 400;\">Entdecke den AK HB1, einen tragbaren Bluetooth-DAC\/AMP, der Dir m\u00fchelos erstklassige Audio- und HiFi-Streaming-Dienste bietet, ohne auf ein Kabel angewiesen zu sein.<\/span><\/p>\n","protected":false},"featured_media":2833,"comment_status":"open","ping_status":"closed","template":"","meta":[],"product_brand":[],"product_cat":[220],"product_tag":[],"class_list":{"0":"post-2708","1":"product","2":"type-product","3":"status-publish","4":"has-post-thumbnail","6":"product_cat-amp-dac-de","8":"first","9":"outofstock","10":"taxable","11":"shipping-taxable","12":"purchasable","13":"product-type-simple"},"yoast_head":"<!-- This site is optimized with the Yoast SEO plugin v27.3 - https:\/\/yoast.com\/product\/yoast-seo-wordpress\/ -->\n<title>Astell&amp;Kern HB1 Bluetooth DAC\/AMP - zeitgeistgermany.com<\/title>\n<meta name=\"robots\" content=\"index, follow, max-snippet:-1, max-image-preview:large, max-video-preview:-1\" \/>\n<link rel=\"canonical\" href=\"https:\/\/zeitgeistgermany.com\/de\/produkt\/astellkern-hb1-bluetooth-dac-amp\/\" \/>\n<meta property=\"og:locale\" content=\"de_DE\" \/>\n<meta property=\"og:type\" content=\"article\" \/>\n<meta property=\"og:title\" content=\"Astell&amp;Kern HB1 Bluetooth DAC\/AMP - zeitgeistgermany.com\" \/>\n<meta property=\"og:description\" content=\"Entdecke den AK HB1, einen tragbaren Bluetooth-DAC\/AMP, der Dir m\u00fchelos erstklassige Audio- und HiFi-Streaming-Dienste bietet, ohne auf ein Kabel angewiesen zu sein.\" \/>\n<meta property=\"og:url\" content=\"https:\/\/zeitgeistgermany.com\/de\/produkt\/astellkern-hb1-bluetooth-dac-amp\/\" \/>\n<meta property=\"og:site_name\" content=\"zeitgeistgermany.com\" \/>\n<meta property=\"article:modified_time\" content=\"2025-05-26T13:44:27+00:00\" \/>\n<meta property=\"og:image\" content=\"https:\/\/zeitgeistgermany.com\/wp-content\/uploads\/2024\/05\/astell_kern_hb1-01.jpg\" \/>\n\t<meta property=\"og:image:width\" content=\"1000\" \/>\n\t<meta property=\"og:image:height\" content=\"1000\" \/>\n\t<meta property=\"og:image:type\" content=\"image\/jpeg\" \/>\n<meta name=\"twitter:card\" content=\"summary_large_image\" \/>\n<meta name=\"twitter:label1\" content=\"Gesch\u00e4tzte Lesezeit\" \/>\n\t<meta name=\"twitter:data1\" content=\"1\u00a0Minute\" \/>\n<script type=\"application\/ld+json\" class=\"yoast-schema-graph\">{\"@context\":\"https:\\\/\\\/schema.org\",\"@graph\":[{\"@type\":[\"WebPage\",\"ItemPage\"],\"@id\":\"https:\\\/\\\/zeitgeistgermany.com\\\/de\\\/produkt\\\/astellkern-hb1-bluetooth-dac-amp\\\/\",\"url\":\"https:\\\/\\\/zeitgeistgermany.com\\\/de\\\/produkt\\\/astellkern-hb1-bluetooth-dac-amp\\\/\",\"name\":\"Astell&amp;Kern HB1 Bluetooth DAC\\\/AMP - zeitgeistgermany.com\",\"isPartOf\":{\"@id\":\"https:\\\/\\\/zeitgeistgermany.com\\\/de\\\/#website\"},\"primaryImageOfPage\":{\"@id\":\"https:\\\/\\\/zeitgeistgermany.com\\\/de\\\/produkt\\\/astellkern-hb1-bluetooth-dac-amp\\\/#primaryimage\"},\"image\":{\"@id\":\"https:\\\/\\\/zeitgeistgermany.com\\\/de\\\/produkt\\\/astellkern-hb1-bluetooth-dac-amp\\\/#primaryimage\"},\"thumbnailUrl\":\"https:\\\/\\\/zeitgeistgermany.com\\\/wp-content\\\/uploads\\\/2024\\\/05\\\/astell_kern_hb1-01.jpg\",\"datePublished\":\"2024-05-28T14:14:56+00:00\",\"dateModified\":\"2025-05-26T13:44:27+00:00\",\"breadcrumb\":{\"@id\":\"https:\\\/\\\/zeitgeistgermany.com\\\/de\\\/produkt\\\/astellkern-hb1-bluetooth-dac-amp\\\/#breadcrumb\"},\"inLanguage\":\"de\",\"potentialAction\":[{\"@type\":\"ReadAction\",\"target\":[\"https:\\\/\\\/zeitgeistgermany.com\\\/de\\\/produkt\\\/astellkern-hb1-bluetooth-dac-amp\\\/\"]}]},{\"@type\":\"ImageObject\",\"inLanguage\":\"de\",\"@id\":\"https:\\\/\\\/zeitgeistgermany.com\\\/de\\\/produkt\\\/astellkern-hb1-bluetooth-dac-amp\\\/#primaryimage\",\"url\":\"https:\\\/\\\/zeitgeistgermany.com\\\/wp-content\\\/uploads\\\/2024\\\/05\\\/astell_kern_hb1-01.jpg\",\"contentUrl\":\"https:\\\/\\\/zeitgeistgermany.com\\\/wp-content\\\/uploads\\\/2024\\\/05\\\/astell_kern_hb1-01.jpg\",\"width\":1000,\"height\":1000},{\"@type\":\"BreadcrumbList\",\"@id\":\"https:\\\/\\\/zeitgeistgermany.com\\\/de\\\/produkt\\\/astellkern-hb1-bluetooth-dac-amp\\\/#breadcrumb\",\"itemListElement\":[{\"@type\":\"ListItem\",\"position\":1,\"name\":\"Startseite\",\"item\":\"https:\\\/\\\/zeitgeistgermany.com\\\/de\\\/\"},{\"@type\":\"ListItem\",\"position\":2,\"name\":\"Store\",\"item\":\"https:\\\/\\\/zeitgeistgermany.com\\\/de\\\/store\\\/\"},{\"@type\":\"ListItem\",\"position\":3,\"name\":\"Astell&amp;Kern HB1 Bluetooth DAC\\\/AMP\"}]},{\"@type\":\"WebSite\",\"@id\":\"https:\\\/\\\/zeitgeistgermany.com\\\/de\\\/#website\",\"url\":\"https:\\\/\\\/zeitgeistgermany.com\\\/de\\\/\",\"name\":\"zeitgeistgermany.com\",\"description\":\"Finest IEM - made in Germany.\",\"publisher\":{\"@id\":\"https:\\\/\\\/zeitgeistgermany.com\\\/de\\\/#organization\"},\"potentialAction\":[{\"@type\":\"SearchAction\",\"target\":{\"@type\":\"EntryPoint\",\"urlTemplate\":\"https:\\\/\\\/zeitgeistgermany.com\\\/de\\\/?s={search_term_string}\"},\"query-input\":{\"@type\":\"PropertyValueSpecification\",\"valueRequired\":true,\"valueName\":\"search_term_string\"}}],\"inLanguage\":\"de\"},{\"@type\":\"Organization\",\"@id\":\"https:\\\/\\\/zeitgeistgermany.com\\\/de\\\/#organization\",\"name\":\"zeitgeistgermany.com\",\"url\":\"https:\\\/\\\/zeitgeistgermany.com\\\/de\\\/\",\"logo\":{\"@type\":\"ImageObject\",\"inLanguage\":\"de\",\"@id\":\"https:\\\/\\\/zeitgeistgermany.com\\\/de\\\/#\\\/schema\\\/logo\\\/image\\\/\",\"url\":\"https:\\\/\\\/zeitgeistgermany.com\\\/wp-content\\\/uploads\\\/2024\\\/06\\\/webicon.png\",\"contentUrl\":\"https:\\\/\\\/zeitgeistgermany.com\\\/wp-content\\\/uploads\\\/2024\\\/06\\\/webicon.png\",\"width\":512,\"height\":512,\"caption\":\"zeitgeistgermany.com\"},\"image\":{\"@id\":\"https:\\\/\\\/zeitgeistgermany.com\\\/de\\\/#\\\/schema\\\/logo\\\/image\\\/\"}}]}<\/script>\n<!-- \/ Yoast SEO plugin. -->","yoast_head_json":{"title":"Astell&amp;Kern HB1 Bluetooth DAC\/AMP - zeitgeistgermany.com","robots":{"index":"index","follow":"follow","max-snippet":"max-snippet:-1","max-image-preview":"max-image-preview:large","max-video-preview":"max-video-preview:-1"},"canonical":"https:\/\/zeitgeistgermany.com\/de\/produkt\/astellkern-hb1-bluetooth-dac-amp\/","og_locale":"de_DE","og_type":"article","og_title":"Astell&amp;Kern HB1 Bluetooth DAC\/AMP - zeitgeistgermany.com","og_description":"Entdecke den AK HB1, einen tragbaren Bluetooth-DAC\/AMP, der Dir m\u00fchelos erstklassige Audio- und HiFi-Streaming-Dienste bietet, ohne auf ein Kabel angewiesen zu sein.","og_url":"https:\/\/zeitgeistgermany.com\/de\/produkt\/astellkern-hb1-bluetooth-dac-amp\/","og_site_name":"zeitgeistgermany.com","article_modified_time":"2025-05-26T13:44:27+00:00","og_image":[{"width":1000,"height":1000,"url":"https:\/\/zeitgeistgermany.com\/wp-content\/uploads\/2024\/05\/astell_kern_hb1-01.jpg","type":"image\/jpeg"}],"twitter_card":"summary_large_image","twitter_misc":{"Gesch\u00e4tzte Lesezeit":"1\u00a0Minute"},"schema":{"@context":"https:\/\/schema.org","@graph":[{"@type":["WebPage","ItemPage"],"@id":"https:\/\/zeitgeistgermany.com\/de\/produkt\/astellkern-hb1-bluetooth-dac-amp\/","url":"https:\/\/zeitgeistgermany.com\/de\/produkt\/astellkern-hb1-bluetooth-dac-amp\/","name":"Astell&amp;Kern HB1 Bluetooth DAC\/AMP - zeitgeistgermany.com","isPartOf":{"@id":"https:\/\/zeitgeistgermany.com\/de\/#website"},"primaryImageOfPage":{"@id":"https:\/\/zeitgeistgermany.com\/de\/produkt\/astellkern-hb1-bluetooth-dac-amp\/#primaryimage"},"image":{"@id":"https:\/\/zeitgeistgermany.com\/de\/produkt\/astellkern-hb1-bluetooth-dac-amp\/#primaryimage"},"thumbnailUrl":"https:\/\/zeitgeistgermany.com\/wp-content\/uploads\/2024\/05\/astell_kern_hb1-01.jpg","datePublished":"2024-05-28T14:14:56+00:00","dateModified":"2025-05-26T13:44:27+00:00","breadcrumb":{"@id":"https:\/\/zeitgeistgermany.com\/de\/produkt\/astellkern-hb1-bluetooth-dac-amp\/#breadcrumb"},"inLanguage":"de","potentialAction":[{"@type":"ReadAction","target":["https:\/\/zeitgeistgermany.com\/de\/produkt\/astellkern-hb1-bluetooth-dac-amp\/"]}]},{"@type":"ImageObject","inLanguage":"de","@id":"https:\/\/zeitgeistgermany.com\/de\/produkt\/astellkern-hb1-bluetooth-dac-amp\/#primaryimage","url":"https:\/\/zeitgeistgermany.com\/wp-content\/uploads\/2024\/05\/astell_kern_hb1-01.jpg","contentUrl":"https:\/\/zeitgeistgermany.com\/wp-content\/uploads\/2024\/05\/astell_kern_hb1-01.jpg","width":1000,"height":1000},{"@type":"BreadcrumbList","@id":"https:\/\/zeitgeistgermany.com\/de\/produkt\/astellkern-hb1-bluetooth-dac-amp\/#breadcrumb","itemListElement":[{"@type":"ListItem","position":1,"name":"Startseite","item":"https:\/\/zeitgeistgermany.com\/de\/"},{"@type":"ListItem","position":2,"name":"Store","item":"https:\/\/zeitgeistgermany.com\/de\/store\/"},{"@type":"ListItem","position":3,"name":"Astell&amp;Kern HB1 Bluetooth DAC\/AMP"}]},{"@type":"WebSite","@id":"https:\/\/zeitgeistgermany.com\/de\/#website","url":"https:\/\/zeitgeistgermany.com\/de\/","name":"zeitgeistgermany.com","description":"Finest IEM - made in Germany.","publisher":{"@id":"https:\/\/zeitgeistgermany.com\/de\/#organization"},"potentialAction":[{"@type":"SearchAction","target":{"@type":"EntryPoint","urlTemplate":"https:\/\/zeitgeistgermany.com\/de\/?s={search_term_string}"},"query-input":{"@type":"PropertyValueSpecification","valueRequired":true,"valueName":"search_term_string"}}],"inLanguage":"de"},{"@type":"Organization","@id":"https:\/\/zeitgeistgermany.com\/de\/#organization","name":"zeitgeistgermany.com","url":"https:\/\/zeitgeistgermany.com\/de\/","logo":{"@type":"ImageObject","inLanguage":"de","@id":"https:\/\/zeitgeistgermany.com\/de\/#\/schema\/logo\/image\/","url":"https:\/\/zeitgeistgermany.com\/wp-content\/uploads\/2024\/06\/webicon.png","contentUrl":"https:\/\/zeitgeistgermany.com\/wp-content\/uploads\/2024\/06\/webicon.png","width":512,"height":512,"caption":"zeitgeistgermany.com"},"image":{"@id":"https:\/\/zeitgeistgermany.com\/de\/#\/schema\/logo\/image\/"}}]}},"_links":{"self":[{"href":"https:\/\/zeitgeistgermany.com\/de\/wp-json\/wp\/v2\/product\/2708","targetHints":{"allow":["GET"]}}],"collection":[{"href":"https:\/\/zeitgeistgermany.com\/de\/wp-json\/wp\/v2\/product"}],"about":[{"href":"https:\/\/zeitgeistgermany.com\/de\/wp-json\/wp\/v2\/types\/product"}],"replies":[{"embeddable":true,"href":"https:\/\/zeitgeistgermany.com\/de\/wp-json\/wp\/v2\/comments?post=2708"}],"wp:featuredmedia":[{"embeddable":true,"href":"https:\/\/zeitgeistgermany.com\/de\/wp-json\/wp\/v2\/media\/2833"}],"wp:attachment":[{"href":"https:\/\/zeitgeistgermany.com\/de\/wp-json\/wp\/v2\/media?parent=2708"}],"wp:term":[{"taxonomy":"product_brand","embeddable":true,"href":"https:\/\/zeitgeistgermany.com\/de\/wp-json\/wp\/v2\/product_brand?post=2708"},{"taxonomy":"product_cat","embeddable":true,"href":"https:\/\/zeitgeistgermany.com\/de\/wp-json\/wp\/v2\/product_cat?post=2708"},{"taxonomy":"product_tag","embeddable":true,"href":"https:\/\/zeitgeistgermany.com\/de\/wp-json\/wp\/v2\/product_tag?post=2708"}],"curies":[{"name":"wp","href":"https:\/\/api.w.org\/{rel}","templated":true}]}}