{"id":2705,"date":"2024-05-28T16:22:59","date_gmt":"2024-05-28T14:22:59","guid":{"rendered":"https:\/\/zeitgeistgermany.com\/produkt\/ifi-audio-go-blu-dac-amp-mit-lederhuelle\/"},"modified":"2025-05-26T15:46:05","modified_gmt":"2025-05-26T13:46:05","slug":"ifi-audio-go-blu-dac-amp-mit-lederhuelle","status":"publish","type":"product","link":"https:\/\/zeitgeistgermany.com\/de\/produkt\/ifi-audio-go-blu-dac-amp-mit-lederhuelle\/","title":{"rendered":"iFi Audio GO Blu Bundle"},"content":{"rendered":"<p style=\"font-weight: 400;\">Egal, ob Du im Fitnessstudio trainierst, w\u00e4hrend Deine Smartwatch jeden Deiner Schritte aufzeichnet, oder ob Du in Deinem Lieblingscaf\u00e9 am Laptop sitzt, der GO blu ist der perfekte Begleiter. Der GO blu ist leicht, kompatibel mit Apple- und Android-Ger\u00e4ten und verbindet sich kabellos \u00fcber Bluetooth mit Deiner Quelle. Einfach koppeln &#8230; und Go!<\/p>\n<p style=\"font-weight: 400;\">Features:<\/p>\n<ul>\n<li>EINFACHE BLUETOOTH-VERBINDUNG &#8211; Der neueste Bluetooth-DAC der Qualcomm 5100-Serie (nur Eingang) unterst\u00fctzt Bluetooth 5.1 in allen aktuellen und zuk\u00fcnftigen Formaten wie AAC, aptX, aptX HD, LDAC, HWA Codec. \u00dcbertrage Deine Lieblingsmusik in CD-Qualit\u00e4t von Deinem Smartphone, Laptop, DAP oder einem anderen Ger\u00e4t, das Bluetooth unterst\u00fctzt, auf Deine Anlage. Steuere Deine Musik mit Deiner bevorzugten Musik-App, lehne Dichzur\u00fcck und entspanne Dich.<\/li>\n<li>AUDIO IN HOHER AUFL\u00d6SUNG &#8211; Mit aptX HD AAC Bluetooth in CD-Qualit\u00e4t mit bis zu 24 bit\/192 kbps erlebebst Du eine h\u00f6here Audioqualit\u00e4t als bei Standard-Bluetooth. Ohne Qualit\u00e4tseinbu\u00dfen erh\u00e4lt Deine Musik eine bessere Definition und Klarheit.<\/li>\n<li>BALANCED &amp; S-BALANCED &#8211; Die S-Balanced-Schaltung reduziert die Verzerrung bei Single-Ended-Kopfh\u00f6reranschl\u00fcssen um 50%.<\/li>\n<li>HOCHWERTIGE KOMPONENTEN &#8211; Separate Bluetooth-, DAC- und AMP-Stufen, individuell optimiert f\u00fcr maximale Leistung.<\/li>\n<li>Eingebautes Mikrofon &#8211; Der GO blu verf\u00fcgt \u00fcber ein hochwertiges Mikrofon f\u00fcr freih\u00e4ndige Anrufe unterwegs.<\/li>\n<\/ul>\n","protected":false},"excerpt":{"rendered":"<p style=\"font-weight: 400;\">GO blu ist ein Bluetooth-DAC\/Verst\u00e4rker f\u00fcr die Hosentasche, der Hi-Fi-Klangqualit\u00e4t mit dem Komfort der drahtlosen Technologie verbindet. Kommt in einem speziellen Bundle, mit einer gratis Ledertasche.<\/p>\n","protected":false},"featured_media":2831,"comment_status":"closed","ping_status":"closed","template":"","meta":[],"product_brand":[],"product_cat":[220],"product_tag":[],"class_list":{"0":"post-2705","1":"product","2":"type-product","3":"status-publish","4":"has-post-thumbnail","6":"product_cat-amp-dac-de","8":"first","9":"instock","10":"taxable","11":"shipping-taxable","12":"purchasable","13":"product-type-simple"},"yoast_head":"<!-- This site is optimized with the Yoast SEO plugin v27.3 - https:\/\/yoast.com\/product\/yoast-seo-wordpress\/ -->\n<title>iFi Audio GO Blu Bundle - zeitgeistgermany.com<\/title>\n<meta name=\"robots\" content=\"index, follow, max-snippet:-1, max-image-preview:large, max-video-preview:-1\" \/>\n<link rel=\"canonical\" href=\"https:\/\/zeitgeistgermany.com\/de\/produkt\/ifi-audio-go-blu-dac-amp-mit-lederhuelle\/\" \/>\n<meta property=\"og:locale\" content=\"de_DE\" \/>\n<meta property=\"og:type\" content=\"article\" \/>\n<meta property=\"og:title\" content=\"iFi Audio GO Blu Bundle - zeitgeistgermany.com\" \/>\n<meta property=\"og:description\" content=\"GO blu ist ein Bluetooth-DAC\/Verst\u00e4rker f\u00fcr die Hosentasche, der Hi-Fi-Klangqualit\u00e4t mit dem Komfort der drahtlosen Technologie verbindet. Kommt in einem speziellen Bundle, mit einer gratis Ledertasche.\" \/>\n<meta property=\"og:url\" content=\"https:\/\/zeitgeistgermany.com\/de\/produkt\/ifi-audio-go-blu-dac-amp-mit-lederhuelle\/\" \/>\n<meta property=\"og:site_name\" content=\"zeitgeistgermany.com\" \/>\n<meta property=\"article:modified_time\" content=\"2025-05-26T13:46:05+00:00\" \/>\n<meta property=\"og:image\" content=\"https:\/\/zeitgeistgermany.com\/wp-content\/uploads\/2024\/05\/dac-ifi-audio-go-blu_05.jpg\" \/>\n\t<meta property=\"og:image:width\" content=\"1000\" \/>\n\t<meta property=\"og:image:height\" content=\"1000\" \/>\n\t<meta property=\"og:image:type\" content=\"image\/jpeg\" \/>\n<meta name=\"twitter:card\" content=\"summary_large_image\" \/>\n<meta name=\"twitter:label1\" content=\"Gesch\u00e4tzte Lesezeit\" \/>\n\t<meta name=\"twitter:data1\" content=\"1\u00a0Minute\" \/>\n<script type=\"application\/ld+json\" class=\"yoast-schema-graph\">{\"@context\":\"https:\\\/\\\/schema.org\",\"@graph\":[{\"@type\":[\"WebPage\",\"ItemPage\"],\"@id\":\"https:\\\/\\\/zeitgeistgermany.com\\\/de\\\/produkt\\\/ifi-audio-go-blu-dac-amp-mit-lederhuelle\\\/\",\"url\":\"https:\\\/\\\/zeitgeistgermany.com\\\/de\\\/produkt\\\/ifi-audio-go-blu-dac-amp-mit-lederhuelle\\\/\",\"name\":\"iFi Audio GO Blu Bundle - zeitgeistgermany.com\",\"isPartOf\":{\"@id\":\"https:\\\/\\\/zeitgeistgermany.com\\\/de\\\/#website\"},\"primaryImageOfPage\":{\"@id\":\"https:\\\/\\\/zeitgeistgermany.com\\\/de\\\/produkt\\\/ifi-audio-go-blu-dac-amp-mit-lederhuelle\\\/#primaryimage\"},\"image\":{\"@id\":\"https:\\\/\\\/zeitgeistgermany.com\\\/de\\\/produkt\\\/ifi-audio-go-blu-dac-amp-mit-lederhuelle\\\/#primaryimage\"},\"thumbnailUrl\":\"https:\\\/\\\/zeitgeistgermany.com\\\/wp-content\\\/uploads\\\/2024\\\/05\\\/dac-ifi-audio-go-blu_05.jpg\",\"datePublished\":\"2024-05-28T14:22:59+00:00\",\"dateModified\":\"2025-05-26T13:46:05+00:00\",\"breadcrumb\":{\"@id\":\"https:\\\/\\\/zeitgeistgermany.com\\\/de\\\/produkt\\\/ifi-audio-go-blu-dac-amp-mit-lederhuelle\\\/#breadcrumb\"},\"inLanguage\":\"de\",\"potentialAction\":[{\"@type\":\"ReadAction\",\"target\":[\"https:\\\/\\\/zeitgeistgermany.com\\\/de\\\/produkt\\\/ifi-audio-go-blu-dac-amp-mit-lederhuelle\\\/\"]}]},{\"@type\":\"ImageObject\",\"inLanguage\":\"de\",\"@id\":\"https:\\\/\\\/zeitgeistgermany.com\\\/de\\\/produkt\\\/ifi-audio-go-blu-dac-amp-mit-lederhuelle\\\/#primaryimage\",\"url\":\"https:\\\/\\\/zeitgeistgermany.com\\\/wp-content\\\/uploads\\\/2024\\\/05\\\/dac-ifi-audio-go-blu_05.jpg\",\"contentUrl\":\"https:\\\/\\\/zeitgeistgermany.com\\\/wp-content\\\/uploads\\\/2024\\\/05\\\/dac-ifi-audio-go-blu_05.jpg\",\"width\":1000,\"height\":1000},{\"@type\":\"BreadcrumbList\",\"@id\":\"https:\\\/\\\/zeitgeistgermany.com\\\/de\\\/produkt\\\/ifi-audio-go-blu-dac-amp-mit-lederhuelle\\\/#breadcrumb\",\"itemListElement\":[{\"@type\":\"ListItem\",\"position\":1,\"name\":\"Startseite\",\"item\":\"https:\\\/\\\/zeitgeistgermany.com\\\/de\\\/\"},{\"@type\":\"ListItem\",\"position\":2,\"name\":\"Store\",\"item\":\"https:\\\/\\\/zeitgeistgermany.com\\\/de\\\/store\\\/\"},{\"@type\":\"ListItem\",\"position\":3,\"name\":\"iFi Audio GO Blu Bundle\"}]},{\"@type\":\"WebSite\",\"@id\":\"https:\\\/\\\/zeitgeistgermany.com\\\/de\\\/#website\",\"url\":\"https:\\\/\\\/zeitgeistgermany.com\\\/de\\\/\",\"name\":\"zeitgeistgermany.com\",\"description\":\"Finest IEM - made in Germany.\",\"publisher\":{\"@id\":\"https:\\\/\\\/zeitgeistgermany.com\\\/de\\\/#organization\"},\"potentialAction\":[{\"@type\":\"SearchAction\",\"target\":{\"@type\":\"EntryPoint\",\"urlTemplate\":\"https:\\\/\\\/zeitgeistgermany.com\\\/de\\\/?s={search_term_string}\"},\"query-input\":{\"@type\":\"PropertyValueSpecification\",\"valueRequired\":true,\"valueName\":\"search_term_string\"}}],\"inLanguage\":\"de\"},{\"@type\":\"Organization\",\"@id\":\"https:\\\/\\\/zeitgeistgermany.com\\\/de\\\/#organization\",\"name\":\"zeitgeistgermany.com\",\"url\":\"https:\\\/\\\/zeitgeistgermany.com\\\/de\\\/\",\"logo\":{\"@type\":\"ImageObject\",\"inLanguage\":\"de\",\"@id\":\"https:\\\/\\\/zeitgeistgermany.com\\\/de\\\/#\\\/schema\\\/logo\\\/image\\\/\",\"url\":\"https:\\\/\\\/zeitgeistgermany.com\\\/wp-content\\\/uploads\\\/2024\\\/06\\\/webicon.png\",\"contentUrl\":\"https:\\\/\\\/zeitgeistgermany.com\\\/wp-content\\\/uploads\\\/2024\\\/06\\\/webicon.png\",\"width\":512,\"height\":512,\"caption\":\"zeitgeistgermany.com\"},\"image\":{\"@id\":\"https:\\\/\\\/zeitgeistgermany.com\\\/de\\\/#\\\/schema\\\/logo\\\/image\\\/\"}}]}<\/script>\n<!-- \/ Yoast SEO plugin. -->","yoast_head_json":{"title":"iFi Audio GO Blu Bundle - zeitgeistgermany.com","robots":{"index":"index","follow":"follow","max-snippet":"max-snippet:-1","max-image-preview":"max-image-preview:large","max-video-preview":"max-video-preview:-1"},"canonical":"https:\/\/zeitgeistgermany.com\/de\/produkt\/ifi-audio-go-blu-dac-amp-mit-lederhuelle\/","og_locale":"de_DE","og_type":"article","og_title":"iFi Audio GO Blu Bundle - zeitgeistgermany.com","og_description":"GO blu ist ein Bluetooth-DAC\/Verst\u00e4rker f\u00fcr die Hosentasche, der Hi-Fi-Klangqualit\u00e4t mit dem Komfort der drahtlosen Technologie verbindet. Kommt in einem speziellen Bundle, mit einer gratis Ledertasche.","og_url":"https:\/\/zeitgeistgermany.com\/de\/produkt\/ifi-audio-go-blu-dac-amp-mit-lederhuelle\/","og_site_name":"zeitgeistgermany.com","article_modified_time":"2025-05-26T13:46:05+00:00","og_image":[{"width":1000,"height":1000,"url":"https:\/\/zeitgeistgermany.com\/wp-content\/uploads\/2024\/05\/dac-ifi-audio-go-blu_05.jpg","type":"image\/jpeg"}],"twitter_card":"summary_large_image","twitter_misc":{"Gesch\u00e4tzte Lesezeit":"1\u00a0Minute"},"schema":{"@context":"https:\/\/schema.org","@graph":[{"@type":["WebPage","ItemPage"],"@id":"https:\/\/zeitgeistgermany.com\/de\/produkt\/ifi-audio-go-blu-dac-amp-mit-lederhuelle\/","url":"https:\/\/zeitgeistgermany.com\/de\/produkt\/ifi-audio-go-blu-dac-amp-mit-lederhuelle\/","name":"iFi Audio GO Blu Bundle - zeitgeistgermany.com","isPartOf":{"@id":"https:\/\/zeitgeistgermany.com\/de\/#website"},"primaryImageOfPage":{"@id":"https:\/\/zeitgeistgermany.com\/de\/produkt\/ifi-audio-go-blu-dac-amp-mit-lederhuelle\/#primaryimage"},"image":{"@id":"https:\/\/zeitgeistgermany.com\/de\/produkt\/ifi-audio-go-blu-dac-amp-mit-lederhuelle\/#primaryimage"},"thumbnailUrl":"https:\/\/zeitgeistgermany.com\/wp-content\/uploads\/2024\/05\/dac-ifi-audio-go-blu_05.jpg","datePublished":"2024-05-28T14:22:59+00:00","dateModified":"2025-05-26T13:46:05+00:00","breadcrumb":{"@id":"https:\/\/zeitgeistgermany.com\/de\/produkt\/ifi-audio-go-blu-dac-amp-mit-lederhuelle\/#breadcrumb"},"inLanguage":"de","potentialAction":[{"@type":"ReadAction","target":["https:\/\/zeitgeistgermany.com\/de\/produkt\/ifi-audio-go-blu-dac-amp-mit-lederhuelle\/"]}]},{"@type":"ImageObject","inLanguage":"de","@id":"https:\/\/zeitgeistgermany.com\/de\/produkt\/ifi-audio-go-blu-dac-amp-mit-lederhuelle\/#primaryimage","url":"https:\/\/zeitgeistgermany.com\/wp-content\/uploads\/2024\/05\/dac-ifi-audio-go-blu_05.jpg","contentUrl":"https:\/\/zeitgeistgermany.com\/wp-content\/uploads\/2024\/05\/dac-ifi-audio-go-blu_05.jpg","width":1000,"height":1000},{"@type":"BreadcrumbList","@id":"https:\/\/zeitgeistgermany.com\/de\/produkt\/ifi-audio-go-blu-dac-amp-mit-lederhuelle\/#breadcrumb","itemListElement":[{"@type":"ListItem","position":1,"name":"Startseite","item":"https:\/\/zeitgeistgermany.com\/de\/"},{"@type":"ListItem","position":2,"name":"Store","item":"https:\/\/zeitgeistgermany.com\/de\/store\/"},{"@type":"ListItem","position":3,"name":"iFi Audio GO Blu Bundle"}]},{"@type":"WebSite","@id":"https:\/\/zeitgeistgermany.com\/de\/#website","url":"https:\/\/zeitgeistgermany.com\/de\/","name":"zeitgeistgermany.com","description":"Finest IEM - made in Germany.","publisher":{"@id":"https:\/\/zeitgeistgermany.com\/de\/#organization"},"potentialAction":[{"@type":"SearchAction","target":{"@type":"EntryPoint","urlTemplate":"https:\/\/zeitgeistgermany.com\/de\/?s={search_term_string}"},"query-input":{"@type":"PropertyValueSpecification","valueRequired":true,"valueName":"search_term_string"}}],"inLanguage":"de"},{"@type":"Organization","@id":"https:\/\/zeitgeistgermany.com\/de\/#organization","name":"zeitgeistgermany.com","url":"https:\/\/zeitgeistgermany.com\/de\/","logo":{"@type":"ImageObject","inLanguage":"de","@id":"https:\/\/zeitgeistgermany.com\/de\/#\/schema\/logo\/image\/","url":"https:\/\/zeitgeistgermany.com\/wp-content\/uploads\/2024\/06\/webicon.png","contentUrl":"https:\/\/zeitgeistgermany.com\/wp-content\/uploads\/2024\/06\/webicon.png","width":512,"height":512,"caption":"zeitgeistgermany.com"},"image":{"@id":"https:\/\/zeitgeistgermany.com\/de\/#\/schema\/logo\/image\/"}}]}},"_links":{"self":[{"href":"https:\/\/zeitgeistgermany.com\/de\/wp-json\/wp\/v2\/product\/2705","targetHints":{"allow":["GET"]}}],"collection":[{"href":"https:\/\/zeitgeistgermany.com\/de\/wp-json\/wp\/v2\/product"}],"about":[{"href":"https:\/\/zeitgeistgermany.com\/de\/wp-json\/wp\/v2\/types\/product"}],"replies":[{"embeddable":true,"href":"https:\/\/zeitgeistgermany.com\/de\/wp-json\/wp\/v2\/comments?post=2705"}],"wp:featuredmedia":[{"embeddable":true,"href":"https:\/\/zeitgeistgermany.com\/de\/wp-json\/wp\/v2\/media\/2831"}],"wp:attachment":[{"href":"https:\/\/zeitgeistgermany.com\/de\/wp-json\/wp\/v2\/media?parent=2705"}],"wp:term":[{"taxonomy":"product_brand","embeddable":true,"href":"https:\/\/zeitgeistgermany.com\/de\/wp-json\/wp\/v2\/product_brand?post=2705"},{"taxonomy":"product_cat","embeddable":true,"href":"https:\/\/zeitgeistgermany.com\/de\/wp-json\/wp\/v2\/product_cat?post=2705"},{"taxonomy":"product_tag","embeddable":true,"href":"https:\/\/zeitgeistgermany.com\/de\/wp-json\/wp\/v2\/product_tag?post=2705"}],"curies":[{"name":"wp","href":"https:\/\/api.w.org\/{rel}","templated":true}]}}