{"id":2605,"date":"2022-01-12T20:04:46","date_gmt":"2022-01-12T19:04:46","guid":{"rendered":"https:\/\/zeitgeistgermany.com\/versand-und-zahlung\/"},"modified":"2024-06-24T15:22:16","modified_gmt":"2024-06-24T13:22:16","slug":"versand-und-zahlung","status":"publish","type":"page","link":"https:\/\/zeitgeistgermany.com\/de\/versand-und-zahlung\/","title":{"rendered":"Versand und Zahlung"},"content":{"rendered":"\n\t<section class=\"section\" id=\"section_1719435013\">\n\t\t<div class=\"section-bg fill\" >\n\t\t\t\t\t\t\t\t\t\n\t\t\t\n\n\t\t<\/div>\n\n\t\t\n\n\t\t<div class=\"section-content relative\">\n\t\t\t\n<div class=\"row align-center\"  id=\"row-785007700\">\n\n\t<div id=\"col-1061871626\" class=\"col medium-6 small-12 large-6\"  >\n\t\t\t\t<div class=\"col-inner text-center\"  >\n\t\t\t\n\t\t\t\n\t<div id=\"gap-1581673472\" class=\"gap-element clearfix\" style=\"display:block; height:auto;\">\n\t\t\n<style>\n#gap-1581673472 {\n  padding-top: 50px;\n}\n@media (min-width:550px) {\n  #gap-1581673472 {\n    padding-top: 40px;\n  }\n}\n@media (min-width:850px) {\n  #gap-1581673472 {\n    padding-top: 60px;\n  }\n}\n<\/style>\n\t<\/div>\n\t\n\t<div id=\"text-1295309640\" class=\"text\">\n\t\t\n<h1>Versand und Zahlung<\/h1>\n\t\t\n<style>\n#text-1295309640 {\n  font-size: 2.25rem;\n}\n@media (min-width:550px) {\n  #text-1295309640 {\n    font-size: 3rem;\n  }\n}\n<\/style>\n\t<\/div>\n\t\n\t\t<\/div>\n\t\t\t\t\t<\/div>\n\n\t\n<\/div>\n\t\t<\/div>\n\n\t\t\n<style>\n#section_1719435013 {\n  padding-top: 30px;\n  padding-bottom: 30px;\n  min-height: 20vh;\n}\n@media (min-width:550px) {\n  #section_1719435013 {\n    min-height: 30vh;\n  }\n}\n@media (min-width:850px) {\n  #section_1719435013 {\n    min-height: 35vh;\n  }\n}\n<\/style>\n\t<\/section>\n\t\n\n\t<section class=\"section\" id=\"section_1440932367\">\n\t\t<div class=\"section-bg fill\" >\n\t\t\t\t\t\t\t\t\t\n\t\t\t\n\n\t\t<\/div>\n\n\t\t\n\n\t\t<div class=\"section-content relative\">\n\t\t\t\n<div class=\"row align-equal\"  id=\"row-21872556\">\n\n\t<div id=\"col-1000826579\" class=\"col medium-12 small-12 large-12\"  >\n\t\t\t\t<div class=\"col-inner\" style=\"background-color:rgb(0,0,0);\" >\n\t\t\t\n\t<div class=\"is-border\"\n\t\tstyle=\"border-radius:30px;border-width:1px 1px 1px 1px;\">\n\t<\/div>\n\t\t\t\n<div class=\"row row-large\"  id=\"row-1717326888\">\n\n\t<div id=\"col-883487561\" class=\"col medium-12 small-12 large-4 medium-col-first\"  >\n\t\t\t\t<div class=\"col-inner\"  >\n\t\t\t\n\t\t\t\n\t<div class=\"ux-menu stack stack-col justify-start ux-menu--divider-solid\">\n\t\t\n\t<div class=\"ux-menu-link flex menu-item\">\n\t\t<a class=\"ux-menu-link__link flex\" href=\"https:\/\/zeitgeistgermany.com\/shipping-and-payment\/\" >\n\t\t\t\t\t\t<span class=\"ux-menu-link__text\">\n\t\t\t\tVersand und Zahlung\t\t\t<\/span>\n\t\t<\/a>\n\t<\/div>\n\t\n\t<div class=\"ux-menu-link flex menu-item\">\n\t\t<a class=\"ux-menu-link__link flex\" href=\"https:\/\/zeitgeistgermany.com\/imprint\/\" >\n\t\t\t\t\t\t<span class=\"ux-menu-link__text\">\n\t\t\t\tImpressum\t\t\t<\/span>\n\t\t<\/a>\n\t<\/div>\n\t\n\t<div class=\"ux-menu-link flex menu-item\">\n\t\t<a class=\"ux-menu-link__link flex\" href=\"https:\/\/zeitgeistgermany.com\/privacy-policy-and-data-protection\/\" >\n\t\t\t\t\t\t<span class=\"ux-menu-link__text\">\n\t\t\t\tDatenschutz\t\t\t<\/span>\n\t\t<\/a>\n\t<\/div>\n\t\n\t<div class=\"ux-menu-link flex menu-item\">\n\t\t<a class=\"ux-menu-link__link flex\" href=\"https:\/\/zeitgeistgermany.com\/terms-and-conditions\/\" >\n\t\t\t\t\t\t<span class=\"ux-menu-link__text\">\n\t\t\t\tAGB\t\t\t<\/span>\n\t\t<\/a>\n\t<\/div>\n\t\n\t<div class=\"ux-menu-link flex menu-item\">\n\t\t<a class=\"ux-menu-link__link flex\" href=\"https:\/\/zeitgeistgermany.com\/right-of-withdrawal\/\" >\n\t\t\t\t\t\t<span class=\"ux-menu-link__text\">\n\t\t\t\tWiederrufsrecht\t\t\t<\/span>\n\t\t<\/a>\n\t<\/div>\n\t\n\t<\/div>\n\t\n\t\t<\/div>\n\t\t\t\t\n<style>\n#col-883487561 > .col-inner {\n  padding: 0px 0 0px 0px;\n}\n@media (min-width:550px) {\n  #col-883487561 > .col-inner {\n    padding: 0px 10% 0px 0px;\n  }\n}\n<\/style>\n\t<\/div>\n\n\t\n\n\t<div id=\"col-561316146\" class=\"col medium-12 small-12 large-8 medium-col-first\"  >\n\t\t\t\t<div class=\"col-inner\"  >\n\t\t\t\n\t\t\t\n<h2>Preise und Versandkosten<\/h2>\n<p>Germany: free shipping over 150 EUR purchase value; below 150 EUR purchase value, shipping is 7 EUR<\/p>\n<p>EU: 15 EUR (Express)<\/p>\n<p>CH, N, UK: 19 EUR (Express)<\/p>\n<p>Alle anderen L\u00e4nder: 25 EUR (Express)<\/p>\n<p><em>Die Versandpreise sind in EUR angegeben. F\u00fcr USD-Regionen gilt eine entsprechende USD-Umrechnung. <\/em><\/p>\n<\/p>\n<h2>Zahlung<\/h2>\n<p>Wir akzeptieren derzeit Bank\u00fcberweisungen, Paypal und Kreditkarte (\u00fcber Paypal)<\/p>\n<h2> <\/h2>\n<h2>Mehrwertsteuer und Zahlungen<\/h2>\n<p>Die Preise und Steuern werden auf der Grundlage des von Ihnen f\u00fcr den Versand gew\u00e4hlten Landes angegeben. Laut Gesetz m\u00fcssen wir f\u00fcr alle Sendungen in der EU die Mehrwertsteuer berechnen, d. h. die Preise im Shop enthalten die Mehrwertsteuer. Bei Ankunft Ihres Pakets werden keine weiteren Steuern oder Abgaben f\u00e4llig.<\/p>\n<p>F\u00fcr Besucher au\u00dferhalb der EU &#8211; einschlie\u00dflich der Schweiz, Norwegens und des Vereinigten K\u00f6nigreichs &#8211; sind alle Preise ohne Mehrwertsteuer angegeben. Daher sehen diese Preise im Shop viel attraktiver aus (genau wie die Preise in den US-Gesch\u00e4ften, die ebenfalls keine Mehrwertsteuer enthalten). Hier fallen Einfuhrsteuern (Ihre lokale Mehrwertsteuer) und ggf. Zoll an, wenn das Paket dem Kurier in Ihrem Land \u00fcbergeben wird. Diese Kosten m\u00fcssen von Ihnen getragen werden. Diese Kosten m\u00fcssen von Ihnen getragen werden.<\/p>\n<p>Kurz gesagt: Die jeweilige Mehrwertsteuer inbegriffen, wenn Sie in Deutschland und der EU leben \u2013 keine Mehrwertsteuer inbegriffen, wenn Sie au\u00dferhalb der EU leben.<\/p>\n<div class=\"is-divider divider clearfix\" style=\"margin-top:40px;margin-bottom:40px;max-width:100%;height:1px;\"><\/div>\n\t<div id=\"stack-2529958294\" class=\"stack stack-row justify-between items-center sm:stack-col sm:items-stretch\">\n\t\t\n<a href=\"https:\/\/zeitgeistgermany.com\/de\/kollektionen\/\" class=\"button primary reveal-icon\" style=\"padding:12px 40px 14px 40px;\">\n\t\t<span>Zu den Kollektionen<\/span>\n\t<i class=\"icon-angle-right\" aria-hidden=\"true\"><\/i><\/a>\n\n<a href=\"https:\/\/zeitgeistgermany.com\/de\/kontakt\/\" class=\"button secondary reveal-icon\" style=\"padding:12px 40px 14px 40px;\">\n\t\t<span>Kontakt<\/span>\n\t<i class=\"icon-angle-right\" aria-hidden=\"true\"><\/i><\/a>\n\n\t\t\n<style>\n#stack-2529958294 > * {\n  --stack-gap: 1rem;\n}\n@media (min-width:550px) {\n  #stack-2529958294 > * {\n    --stack-gap: 0.25rem;\n  }\n}\n<\/style>\n\t<\/div>\n\t\n\t\t<\/div>\n\t\t\t\t\t<\/div>\n\n\t\n<\/div>\n\t\t<\/div>\n\t\t\t\t\t<\/div>\n\n\t\n\n<style>\n#row-21872556 > .col > .col-inner {\n  padding: 30px 30px 30px 40px;\n  background-color: rgb(255,255,255);\n}\n@media (min-width:550px) {\n  #row-21872556 > .col > .col-inner {\n    padding: 70px 70px 50px 70px;\n  }\n}\n@media (min-width:850px) {\n  #row-21872556 > .col > .col-inner {\n    padding: 80px 90px 80px 90px;\n  }\n}\n<\/style>\n<\/div>\n\t<div id=\"gap-646397453\" class=\"gap-element clearfix\" style=\"display:block; height:auto;\">\n\t\t\n<style>\n#gap-646397453 {\n  padding-top: 50px;\n}\n@media (min-width:550px) {\n  #gap-646397453 {\n    padding-top: 70px;\n  }\n}\n@media (min-width:850px) {\n  #gap-646397453 {\n    padding-top: 100px;\n  }\n}\n<\/style>\n\t<\/div>\n\t\n\t\t<\/div>\n\n\t\t\n<style>\n#section_1440932367 {\n  padding-top: 0px;\n  padding-bottom: 0px;\n}\n<\/style>\n\t<\/section>\n\t\n","protected":false},"excerpt":{"rendered":"","protected":false},"author":1,"featured_media":0,"parent":0,"menu_order":0,"comment_status":"closed","ping_status":"closed","template":"page-blank.php","meta":{"footnotes":""},"class_list":["post-2605","page","type-page","status-publish","hentry"],"yoast_head":"<!-- This site is optimized with the Yoast SEO plugin v27.4 - https:\/\/yoast.com\/product\/yoast-seo-wordpress\/ -->\n<title>Versand und Zahlung - zeitgeistgermany.com<\/title>\n<meta name=\"robots\" content=\"index, follow, max-snippet:-1, max-image-preview:large, max-video-preview:-1\" \/>\n<link rel=\"canonical\" href=\"https:\/\/zeitgeistgermany.com\/de\/versand-und-zahlung\/\" \/>\n<meta property=\"og:locale\" content=\"de_DE\" \/>\n<meta property=\"og:type\" content=\"article\" \/>\n<meta property=\"og:title\" content=\"Versand und Zahlung - zeitgeistgermany.com\" \/>\n<meta property=\"og:url\" content=\"https:\/\/zeitgeistgermany.com\/de\/versand-und-zahlung\/\" \/>\n<meta property=\"og:site_name\" content=\"zeitgeistgermany.com\" \/>\n<meta property=\"article:modified_time\" content=\"2024-06-24T13:22:16+00:00\" \/>\n<meta name=\"twitter:card\" content=\"summary_large_image\" \/>\n<meta name=\"twitter:label1\" content=\"Gesch\u00e4tzte Lesezeit\" \/>\n\t<meta name=\"twitter:data1\" content=\"2\u00a0Minuten\" \/>\n<script type=\"application\/ld+json\" class=\"yoast-schema-graph\">{\"@context\":\"https:\\\/\\\/schema.org\",\"@graph\":[{\"@type\":\"WebPage\",\"@id\":\"https:\\\/\\\/zeitgeistgermany.com\\\/de\\\/versand-und-zahlung\\\/\",\"url\":\"https:\\\/\\\/zeitgeistgermany.com\\\/de\\\/versand-und-zahlung\\\/\",\"name\":\"Versand und Zahlung - zeitgeistgermany.com\",\"isPartOf\":{\"@id\":\"https:\\\/\\\/zeitgeistgermany.com\\\/de\\\/#website\"},\"datePublished\":\"2022-01-12T19:04:46+00:00\",\"dateModified\":\"2024-06-24T13:22:16+00:00\",\"breadcrumb\":{\"@id\":\"https:\\\/\\\/zeitgeistgermany.com\\\/de\\\/versand-und-zahlung\\\/#breadcrumb\"},\"inLanguage\":\"de\",\"potentialAction\":[{\"@type\":\"ReadAction\",\"target\":[\"https:\\\/\\\/zeitgeistgermany.com\\\/de\\\/versand-und-zahlung\\\/\"]}]},{\"@type\":\"BreadcrumbList\",\"@id\":\"https:\\\/\\\/zeitgeistgermany.com\\\/de\\\/versand-und-zahlung\\\/#breadcrumb\",\"itemListElement\":[{\"@type\":\"ListItem\",\"position\":1,\"name\":\"Startseite\",\"item\":\"https:\\\/\\\/zeitgeistgermany.com\\\/de\\\/\"},{\"@type\":\"ListItem\",\"position\":2,\"name\":\"Versand und Zahlung\"}]},{\"@type\":\"WebSite\",\"@id\":\"https:\\\/\\\/zeitgeistgermany.com\\\/de\\\/#website\",\"url\":\"https:\\\/\\\/zeitgeistgermany.com\\\/de\\\/\",\"name\":\"zeitgeistgermany.com\",\"description\":\"Finest IEM - made in Germany.\",\"publisher\":{\"@id\":\"https:\\\/\\\/zeitgeistgermany.com\\\/de\\\/#organization\"},\"potentialAction\":[{\"@type\":\"SearchAction\",\"target\":{\"@type\":\"EntryPoint\",\"urlTemplate\":\"https:\\\/\\\/zeitgeistgermany.com\\\/de\\\/?s={search_term_string}\"},\"query-input\":{\"@type\":\"PropertyValueSpecification\",\"valueRequired\":true,\"valueName\":\"search_term_string\"}}],\"inLanguage\":\"de\"},{\"@type\":\"Organization\",\"@id\":\"https:\\\/\\\/zeitgeistgermany.com\\\/de\\\/#organization\",\"name\":\"zeitgeistgermany.com\",\"url\":\"https:\\\/\\\/zeitgeistgermany.com\\\/de\\\/\",\"logo\":{\"@type\":\"ImageObject\",\"inLanguage\":\"de\",\"@id\":\"https:\\\/\\\/zeitgeistgermany.com\\\/de\\\/#\\\/schema\\\/logo\\\/image\\\/\",\"url\":\"https:\\\/\\\/zeitgeistgermany.com\\\/wp-content\\\/uploads\\\/2024\\\/06\\\/webicon.png\",\"contentUrl\":\"https:\\\/\\\/zeitgeistgermany.com\\\/wp-content\\\/uploads\\\/2024\\\/06\\\/webicon.png\",\"width\":512,\"height\":512,\"caption\":\"zeitgeistgermany.com\"},\"image\":{\"@id\":\"https:\\\/\\\/zeitgeistgermany.com\\\/de\\\/#\\\/schema\\\/logo\\\/image\\\/\"}}]}<\/script>\n<!-- \/ Yoast SEO plugin. -->","yoast_head_json":{"title":"Versand und Zahlung - zeitgeistgermany.com","robots":{"index":"index","follow":"follow","max-snippet":"max-snippet:-1","max-image-preview":"max-image-preview:large","max-video-preview":"max-video-preview:-1"},"canonical":"https:\/\/zeitgeistgermany.com\/de\/versand-und-zahlung\/","og_locale":"de_DE","og_type":"article","og_title":"Versand und Zahlung - zeitgeistgermany.com","og_url":"https:\/\/zeitgeistgermany.com\/de\/versand-und-zahlung\/","og_site_name":"zeitgeistgermany.com","article_modified_time":"2024-06-24T13:22:16+00:00","twitter_card":"summary_large_image","twitter_misc":{"Gesch\u00e4tzte Lesezeit":"2\u00a0Minuten"},"schema":{"@context":"https:\/\/schema.org","@graph":[{"@type":"WebPage","@id":"https:\/\/zeitgeistgermany.com\/de\/versand-und-zahlung\/","url":"https:\/\/zeitgeistgermany.com\/de\/versand-und-zahlung\/","name":"Versand und Zahlung - zeitgeistgermany.com","isPartOf":{"@id":"https:\/\/zeitgeistgermany.com\/de\/#website"},"datePublished":"2022-01-12T19:04:46+00:00","dateModified":"2024-06-24T13:22:16+00:00","breadcrumb":{"@id":"https:\/\/zeitgeistgermany.com\/de\/versand-und-zahlung\/#breadcrumb"},"inLanguage":"de","potentialAction":[{"@type":"ReadAction","target":["https:\/\/zeitgeistgermany.com\/de\/versand-und-zahlung\/"]}]},{"@type":"BreadcrumbList","@id":"https:\/\/zeitgeistgermany.com\/de\/versand-und-zahlung\/#breadcrumb","itemListElement":[{"@type":"ListItem","position":1,"name":"Startseite","item":"https:\/\/zeitgeistgermany.com\/de\/"},{"@type":"ListItem","position":2,"name":"Versand und Zahlung"}]},{"@type":"WebSite","@id":"https:\/\/zeitgeistgermany.com\/de\/#website","url":"https:\/\/zeitgeistgermany.com\/de\/","name":"zeitgeistgermany.com","description":"Finest IEM - made in Germany.","publisher":{"@id":"https:\/\/zeitgeistgermany.com\/de\/#organization"},"potentialAction":[{"@type":"SearchAction","target":{"@type":"EntryPoint","urlTemplate":"https:\/\/zeitgeistgermany.com\/de\/?s={search_term_string}"},"query-input":{"@type":"PropertyValueSpecification","valueRequired":true,"valueName":"search_term_string"}}],"inLanguage":"de"},{"@type":"Organization","@id":"https:\/\/zeitgeistgermany.com\/de\/#organization","name":"zeitgeistgermany.com","url":"https:\/\/zeitgeistgermany.com\/de\/","logo":{"@type":"ImageObject","inLanguage":"de","@id":"https:\/\/zeitgeistgermany.com\/de\/#\/schema\/logo\/image\/","url":"https:\/\/zeitgeistgermany.com\/wp-content\/uploads\/2024\/06\/webicon.png","contentUrl":"https:\/\/zeitgeistgermany.com\/wp-content\/uploads\/2024\/06\/webicon.png","width":512,"height":512,"caption":"zeitgeistgermany.com"},"image":{"@id":"https:\/\/zeitgeistgermany.com\/de\/#\/schema\/logo\/image\/"}}]}},"_links":{"self":[{"href":"https:\/\/zeitgeistgermany.com\/de\/wp-json\/wp\/v2\/pages\/2605","targetHints":{"allow":["GET"]}}],"collection":[{"href":"https:\/\/zeitgeistgermany.com\/de\/wp-json\/wp\/v2\/pages"}],"about":[{"href":"https:\/\/zeitgeistgermany.com\/de\/wp-json\/wp\/v2\/types\/page"}],"author":[{"embeddable":true,"href":"https:\/\/zeitgeistgermany.com\/de\/wp-json\/wp\/v2\/users\/1"}],"replies":[{"embeddable":true,"href":"https:\/\/zeitgeistgermany.com\/de\/wp-json\/wp\/v2\/comments?post=2605"}],"version-history":[{"count":10,"href":"https:\/\/zeitgeistgermany.com\/de\/wp-json\/wp\/v2\/pages\/2605\/revisions"}],"predecessor-version":[{"id":3477,"href":"https:\/\/zeitgeistgermany.com\/de\/wp-json\/wp\/v2\/pages\/2605\/revisions\/3477"}],"wp:attachment":[{"href":"https:\/\/zeitgeistgermany.com\/de\/wp-json\/wp\/v2\/media?parent=2605"}],"curies":[{"name":"wp","href":"https:\/\/api.w.org\/{rel}","templated":true}]}}