{"id":2364,"date":"2024-05-23T20:23:34","date_gmt":"2024-05-23T18:23:34","guid":{"rendered":"https:\/\/zeitgeistgermany.com\/5-jahre-garantie\/"},"modified":"2024-06-24T15:22:44","modified_gmt":"2024-06-24T13:22:44","slug":"5-jahre-garantie","status":"publish","type":"page","link":"https:\/\/zeitgeistgermany.com\/de\/5-jahre-garantie\/","title":{"rendered":"5 Jahre Garantie"},"content":{"rendered":"\n\t<section class=\"section dark\" id=\"section_1327806252\">\n\t\t<div class=\"section-bg fill\" >\n\t\t\t<img loading=\"lazy\" decoding=\"async\" width=\"2560\" height=\"1707\" src=\"https:\/\/zeitgeistgermany.com\/wp-content\/uploads\/2024\/05\/Copy-of-Zeitgeist-Lifestyle-v4-3-scaled.jpg\" class=\"bg attachment- size-\" alt=\"\" \/>\t\t\t\t\t\t<div class=\"section-bg-overlay absolute fill\"><\/div>\n\t\t\t\n\n\t\t<\/div>\n\n\t\t\n\n\t\t<div class=\"section-content relative\">\n\t\t\t\n<div class=\"row align-center\"  id=\"row-1714380432\">\n\n\t<div id=\"col-2088007165\" class=\"col medium-6 small-12 large-6\"  >\n\t\t\t\t<div class=\"col-inner text-center\"  >\n\t\t\t\n\t\t\t\n\t<div id=\"gap-149676204\" class=\"gap-element clearfix\" style=\"display:block; height:auto;\">\n\t\t\n<style>\n#gap-149676204 {\n  padding-top: 125px;\n}\n@media (min-width:550px) {\n  #gap-149676204 {\n    padding-top: 150px;\n  }\n}\n<\/style>\n\t<\/div>\n\t\n\t<div id=\"text-390516803\" class=\"text\">\n\t\t\n<h1>5 Jahre Garantie<\/h1>\n\t\t\n<style>\n#text-390516803 {\n  font-size: 2.25rem;\n}\n@media (min-width:550px) {\n  #text-390516803 {\n    font-size: 3rem;\n  }\n}\n<\/style>\n\t<\/div>\n\t\n\t\t<\/div>\n\t\t\t\t\t<\/div>\n\n\t\n<\/div>\n\t\t<\/div>\n\n\t\t\n<style>\n#section_1327806252 {\n  padding-top: 30px;\n  padding-bottom: 30px;\n  min-height: 85vh;\n}\n#section_1327806252 .section-bg-overlay {\n  background-color: rgba(0, 0, 0, 0.506);\n}\n#section_1327806252 .section-bg img {\n  object-position: 52% 2%;\n}\n@media (min-width:550px) {\n  #section_1327806252 {\n    min-height: 70vh;\n  }\n}\n@media (min-width:850px) {\n  #section_1327806252 {\n    min-height: 85vh;\n  }\n}\n<\/style>\n\t<\/section>\n\t\n\n\t<section class=\"section\" id=\"section_1986438887\">\n\t\t<div class=\"section-bg fill\" >\n\t\t\t\t\t\t\t\t\t\n\t\t\t\n\n\t\t<\/div>\n\n\t\t\n\n\t\t<div class=\"section-content relative\">\n\t\t\t\n<div class=\"row align-center\"  id=\"row-1276677261\">\n\n\t<div id=\"col-291379851\" class=\"col medium-10 small-12 large-7\"  >\n\t\t\t\t<div class=\"col-inner text-center\"  >\n\t\t\t\n\t\t\t\n\t<div id=\"text-1423717884\" class=\"text\">\n\t\t\n<h2>Erlebe un\u00fcbertroffenen Service im Audiobereich.<\/h2>\n<\/p>\n<p>Registriere Dein Produkt beim Kauf, um die Garantie auf volle f\u00fcnf Jahre zu verl\u00e4ngern. F\u00fclle das untenstehende Formular aus und genie\u00dfe f\u00fcnf Jahre lang sorglosen H\u00f6rgenuss.<\/p>\n<p>Alle In-Ear-Monitore und Zubeh\u00f6rteile durchlaufen mehrere Qualit\u00e4tskontrollen, so dass wir einen einwandfreien Zustand jeder Sendung, die unser Lager verl\u00e4sst, garantieren k\u00f6nnen. Bitte beachten Sie, dass alle In-Ears von Zeitgeist Germany Unikate sind, die sich in Beschaffenheit, Farbe und Verarbeitung von den beworbenen Ger\u00e4ten unterscheiden k\u00f6nnen.<\/p>\n<p>Die Garantie deckt nur technische und materielle M\u00e4ngel der In-Ears ab. Sie deckt weder das Kabel, die Box und die Ohrst\u00f6psel noch Probleme ab, die durch unsachgem\u00e4\u00dfen Gebrauch der In-Ears entstehen (z. B. Kratzer, Dellen, zu lautes Signal).<\/p>\n\t\t\n<style>\n#text-1423717884 {\n  font-size: 0.9rem;\n}\n@media (min-width:550px) {\n  #text-1423717884 {\n    font-size: 1.05rem;\n  }\n}\n<\/style>\n\t<\/div>\n\t\n\t\t<\/div>\n\t\t\t\t\t<\/div>\n\n\t\n<\/div>\n\t\t<\/div>\n\n\t\t\n<style>\n#section_1986438887 {\n  padding-top: 90px;\n  padding-bottom: 90px;\n}\n@media (min-width:550px) {\n  #section_1986438887 {\n    padding-top: 120px;\n    padding-bottom: 120px;\n  }\n}\n<\/style>\n\t<\/section>\n\t\n\n\t<section class=\"section\" id=\"section_1965134474\">\n\t\t<div class=\"section-bg fill\" >\n\t\t\t\t\t\t\t\t\t\n\t\t\t\n\n\t\t<\/div>\n\n\t\t\n\n\t\t<div class=\"section-content relative\">\n\t\t\t\n<div class=\"row align-middle align-center\"  id=\"row-176320341\">\n\n\t<div id=\"col-1790889644\" class=\"col small-12 large-12\"  >\n\t\t\t\t<div class=\"col-inner\" style=\"background-color:#090909;\" >\n\t\t\t\n\t<div class=\"is-border\"\n\t\tstyle=\"border-radius:30px;border-width:1px 1px 1px 1px;\">\n\t<\/div>\n\t\t\t\n<div class=\"row row-collapse align-middle\"  id=\"row-1374195225\">\n\n\t<div id=\"col-1259136143\" class=\"col small-12 large-12\"  >\n\t\t\t\t<div class=\"col-inner\"  >\n\t\t\t\n\t\t\t\n\n<div class=\"wpcf7 no-js\" id=\"wpcf7-f2622-o1\" lang=\"de-DE\" dir=\"ltr\" data-wpcf7-id=\"2622\">\n<div class=\"screen-reader-response\"><p role=\"status\" aria-live=\"polite\" aria-atomic=\"true\"><\/p> <ul><\/ul><\/div>\n<form action=\"\/de\/wp-json\/wp\/v2\/pages\/2364#wpcf7-f2622-o1\" method=\"post\" class=\"wpcf7-form init\" aria-label=\"Kontaktformular\" novalidate=\"novalidate\" data-status=\"init\">\n<fieldset class=\"hidden-fields-container\"><input type=\"hidden\" name=\"_wpcf7\" value=\"2622\" \/><input type=\"hidden\" name=\"_wpcf7_version\" value=\"6.1.5\" \/><input type=\"hidden\" name=\"_wpcf7_locale\" value=\"de_DE\" \/><input type=\"hidden\" name=\"_wpcf7_unit_tag\" value=\"wpcf7-f2622-o1\" \/><input type=\"hidden\" name=\"_wpcf7_container_post\" value=\"0\" \/><input type=\"hidden\" name=\"_wpcf7_posted_data_hash\" value=\"\" \/>\n<\/fieldset>\n<p><label>Name (erforderlich)<\/label><br \/>\n<span class=\"wpcf7-form-control-wrap\" data-name=\"your-name\"><input size=\"40\" maxlength=\"400\" class=\"wpcf7-form-control wpcf7-text wpcf7-validates-as-required\" aria-required=\"true\" aria-invalid=\"false\" value=\"\" type=\"text\" name=\"your-name\" \/><\/span>\n<\/p>\n<p><label>Addresse (erforderlich)<\/label><br \/>\n<span class=\"wpcf7-form-control-wrap\" data-name=\"your-address\"><input size=\"40\" maxlength=\"400\" class=\"wpcf7-form-control wpcf7-text wpcf7-validates-as-required\" aria-required=\"true\" aria-invalid=\"false\" value=\"\" type=\"text\" name=\"your-address\" \/><\/span>\n<\/p>\n<p><label>Land (erforderlich)<\/label><br \/>\n<span class=\"wpcf7-form-control-wrap\" data-name=\"your-country\"><input size=\"40\" maxlength=\"400\" class=\"wpcf7-form-control wpcf7-text wpcf7-validates-as-required\" aria-required=\"true\" aria-invalid=\"false\" value=\"\" type=\"text\" name=\"your-country\" \/><\/span>\n<\/p>\n<p><label>Dein Produkt (erforderlich)<\/label><br \/>\n<span class=\"wpcf7-form-control-wrap\" data-name=\"your-product\"><input size=\"40\" maxlength=\"400\" class=\"wpcf7-form-control wpcf7-text wpcf7-validates-as-required\" aria-required=\"true\" aria-invalid=\"false\" value=\"\" type=\"text\" name=\"your-product\" \/><\/span>\n<\/p>\n<p><label>Seriennummer des Produktes (erforderlich)<\/label><br \/>\n<span class=\"wpcf7-form-control-wrap\" data-name=\"your-product-serial-number\"><input size=\"40\" maxlength=\"400\" class=\"wpcf7-form-control wpcf7-text wpcf7-validates-as-required\" aria-required=\"true\" aria-invalid=\"false\" value=\"\" type=\"text\" name=\"your-product-serial-number\" \/><\/span>\n<\/p>\n<p><label>Kaufdatum (erforderlich)<\/label><br \/>\n<span class=\"wpcf7-form-control-wrap\" data-name=\"bought-at\"><input size=\"40\" maxlength=\"400\" class=\"wpcf7-form-control wpcf7-text wpcf7-validates-as-required\" aria-required=\"true\" aria-invalid=\"false\" value=\"\" type=\"text\" name=\"bought-at\" \/><\/span>\n<\/p>\n<p><label>Wo gekauft? (erforderlich)<\/label><br \/>\n<span class=\"wpcf7-form-control-wrap\" data-name=\"bought-when\"><input size=\"40\" maxlength=\"400\" class=\"wpcf7-form-control wpcf7-text wpcf7-validates-as-required\" aria-required=\"true\" aria-invalid=\"false\" value=\"\" type=\"text\" name=\"bought-when\" \/><\/span>\n<\/p>\n<p><label>Email (erforderlich)<\/label><br \/>\n<span class=\"wpcf7-form-control-wrap\" data-name=\"your-email\"><input size=\"40\" maxlength=\"400\" class=\"wpcf7-form-control wpcf7-email wpcf7-validates-as-required wpcf7-text wpcf7-validates-as-email\" aria-required=\"true\" aria-invalid=\"false\" value=\"\" type=\"email\" name=\"your-email\" \/><\/span>\n<\/p>\n<p><input class=\"wpcf7-form-control wpcf7-submit has-spinner button\" type=\"submit\" value=\"Submit\" \/>\n<\/p><div class=\"wpcf7-response-output\" aria-hidden=\"true\"><\/div>\n<\/form>\n<\/div>\n\n\t\t<\/div>\n\t\t\t\t\t<\/div>\n\n\t\n<\/div>\n\t\t<\/div>\n\t\t\t\t\t<\/div>\n\n\t\n\n<style>\n#row-176320341 > .col > .col-inner {\n  padding: 10% 10% 10% 10%;\n  background-color: rgb(241, 239, 234);\n  border-radius: 20px;\n}\n@media (min-width:550px) {\n  #row-176320341 > .col > .col-inner {\n    padding: 5% 5% 5% 5%;\n  }\n}\n<\/style>\n<\/div>\n\t\t<\/div>\n\n\t\t\n<style>\n#section_1965134474 {\n  padding-top: 20px;\n  padding-bottom: 20px;\n}\n@media (min-width:550px) {\n  #section_1965134474 {\n    padding-top: 30px;\n    padding-bottom: 30px;\n  }\n}\n@media (min-width:850px) {\n  #section_1965134474 {\n    padding-top: 30px;\n    padding-bottom: 30px;\n  }\n}\n<\/style>\n\t<\/section>\n\t\n\t<div id=\"gap-912053235\" class=\"gap-element clearfix\" style=\"display:block; height:auto;\">\n\t\t\n<style>\n#gap-912053235 {\n  padding-top: 70px;\n}\n<\/style>\n\t<\/div>\n\t\n","protected":false},"excerpt":{"rendered":"","protected":false},"author":1,"featured_media":0,"parent":0,"menu_order":0,"comment_status":"closed","ping_status":"closed","template":"page-transparent-header-light.php","meta":{"footnotes":""},"class_list":["post-2364","page","type-page","status-publish","hentry"],"yoast_head":"<!-- This site is optimized with the Yoast SEO plugin v27.3 - https:\/\/yoast.com\/product\/yoast-seo-wordpress\/ -->\n<title>5 Jahre Garantie - zeitgeistgermany.com<\/title>\n<meta name=\"robots\" content=\"index, follow, max-snippet:-1, max-image-preview:large, max-video-preview:-1\" \/>\n<link rel=\"canonical\" href=\"https:\/\/zeitgeistgermany.com\/de\/5-jahre-garantie\/\" \/>\n<meta property=\"og:locale\" content=\"de_DE\" \/>\n<meta property=\"og:type\" content=\"article\" \/>\n<meta property=\"og:title\" content=\"5 Jahre Garantie - zeitgeistgermany.com\" \/>\n<meta property=\"og:url\" content=\"https:\/\/zeitgeistgermany.com\/de\/5-jahre-garantie\/\" \/>\n<meta property=\"og:site_name\" content=\"zeitgeistgermany.com\" \/>\n<meta property=\"article:modified_time\" content=\"2024-06-24T13:22:44+00:00\" \/>\n<meta name=\"twitter:card\" content=\"summary_large_image\" \/>\n<meta name=\"twitter:label1\" content=\"Gesch\u00e4tzte Lesezeit\" \/>\n\t<meta name=\"twitter:data1\" content=\"1\u00a0Minute\" \/>\n<script type=\"application\/ld+json\" class=\"yoast-schema-graph\">{\"@context\":\"https:\\\/\\\/schema.org\",\"@graph\":[{\"@type\":\"WebPage\",\"@id\":\"https:\\\/\\\/zeitgeistgermany.com\\\/de\\\/5-jahre-garantie\\\/\",\"url\":\"https:\\\/\\\/zeitgeistgermany.com\\\/de\\\/5-jahre-garantie\\\/\",\"name\":\"5 Jahre Garantie - zeitgeistgermany.com\",\"isPartOf\":{\"@id\":\"https:\\\/\\\/zeitgeistgermany.com\\\/de\\\/#website\"},\"datePublished\":\"2024-05-23T18:23:34+00:00\",\"dateModified\":\"2024-06-24T13:22:44+00:00\",\"breadcrumb\":{\"@id\":\"https:\\\/\\\/zeitgeistgermany.com\\\/de\\\/5-jahre-garantie\\\/#breadcrumb\"},\"inLanguage\":\"de\",\"potentialAction\":[{\"@type\":\"ReadAction\",\"target\":[\"https:\\\/\\\/zeitgeistgermany.com\\\/de\\\/5-jahre-garantie\\\/\"]}]},{\"@type\":\"BreadcrumbList\",\"@id\":\"https:\\\/\\\/zeitgeistgermany.com\\\/de\\\/5-jahre-garantie\\\/#breadcrumb\",\"itemListElement\":[{\"@type\":\"ListItem\",\"position\":1,\"name\":\"Startseite\",\"item\":\"https:\\\/\\\/zeitgeistgermany.com\\\/de\\\/\"},{\"@type\":\"ListItem\",\"position\":2,\"name\":\"5 Jahre Garantie\"}]},{\"@type\":\"WebSite\",\"@id\":\"https:\\\/\\\/zeitgeistgermany.com\\\/de\\\/#website\",\"url\":\"https:\\\/\\\/zeitgeistgermany.com\\\/de\\\/\",\"name\":\"zeitgeistgermany.com\",\"description\":\"Finest IEM - made in Germany.\",\"publisher\":{\"@id\":\"https:\\\/\\\/zeitgeistgermany.com\\\/de\\\/#organization\"},\"potentialAction\":[{\"@type\":\"SearchAction\",\"target\":{\"@type\":\"EntryPoint\",\"urlTemplate\":\"https:\\\/\\\/zeitgeistgermany.com\\\/de\\\/?s={search_term_string}\"},\"query-input\":{\"@type\":\"PropertyValueSpecification\",\"valueRequired\":true,\"valueName\":\"search_term_string\"}}],\"inLanguage\":\"de\"},{\"@type\":\"Organization\",\"@id\":\"https:\\\/\\\/zeitgeistgermany.com\\\/de\\\/#organization\",\"name\":\"zeitgeistgermany.com\",\"url\":\"https:\\\/\\\/zeitgeistgermany.com\\\/de\\\/\",\"logo\":{\"@type\":\"ImageObject\",\"inLanguage\":\"de\",\"@id\":\"https:\\\/\\\/zeitgeistgermany.com\\\/de\\\/#\\\/schema\\\/logo\\\/image\\\/\",\"url\":\"https:\\\/\\\/zeitgeistgermany.com\\\/wp-content\\\/uploads\\\/2024\\\/06\\\/webicon.png\",\"contentUrl\":\"https:\\\/\\\/zeitgeistgermany.com\\\/wp-content\\\/uploads\\\/2024\\\/06\\\/webicon.png\",\"width\":512,\"height\":512,\"caption\":\"zeitgeistgermany.com\"},\"image\":{\"@id\":\"https:\\\/\\\/zeitgeistgermany.com\\\/de\\\/#\\\/schema\\\/logo\\\/image\\\/\"}}]}<\/script>\n<!-- \/ Yoast SEO plugin. -->","yoast_head_json":{"title":"5 Jahre Garantie - zeitgeistgermany.com","robots":{"index":"index","follow":"follow","max-snippet":"max-snippet:-1","max-image-preview":"max-image-preview:large","max-video-preview":"max-video-preview:-1"},"canonical":"https:\/\/zeitgeistgermany.com\/de\/5-jahre-garantie\/","og_locale":"de_DE","og_type":"article","og_title":"5 Jahre Garantie - zeitgeistgermany.com","og_url":"https:\/\/zeitgeistgermany.com\/de\/5-jahre-garantie\/","og_site_name":"zeitgeistgermany.com","article_modified_time":"2024-06-24T13:22:44+00:00","twitter_card":"summary_large_image","twitter_misc":{"Gesch\u00e4tzte Lesezeit":"1\u00a0Minute"},"schema":{"@context":"https:\/\/schema.org","@graph":[{"@type":"WebPage","@id":"https:\/\/zeitgeistgermany.com\/de\/5-jahre-garantie\/","url":"https:\/\/zeitgeistgermany.com\/de\/5-jahre-garantie\/","name":"5 Jahre Garantie - zeitgeistgermany.com","isPartOf":{"@id":"https:\/\/zeitgeistgermany.com\/de\/#website"},"datePublished":"2024-05-23T18:23:34+00:00","dateModified":"2024-06-24T13:22:44+00:00","breadcrumb":{"@id":"https:\/\/zeitgeistgermany.com\/de\/5-jahre-garantie\/#breadcrumb"},"inLanguage":"de","potentialAction":[{"@type":"ReadAction","target":["https:\/\/zeitgeistgermany.com\/de\/5-jahre-garantie\/"]}]},{"@type":"BreadcrumbList","@id":"https:\/\/zeitgeistgermany.com\/de\/5-jahre-garantie\/#breadcrumb","itemListElement":[{"@type":"ListItem","position":1,"name":"Startseite","item":"https:\/\/zeitgeistgermany.com\/de\/"},{"@type":"ListItem","position":2,"name":"5 Jahre Garantie"}]},{"@type":"WebSite","@id":"https:\/\/zeitgeistgermany.com\/de\/#website","url":"https:\/\/zeitgeistgermany.com\/de\/","name":"zeitgeistgermany.com","description":"Finest IEM - made in Germany.","publisher":{"@id":"https:\/\/zeitgeistgermany.com\/de\/#organization"},"potentialAction":[{"@type":"SearchAction","target":{"@type":"EntryPoint","urlTemplate":"https:\/\/zeitgeistgermany.com\/de\/?s={search_term_string}"},"query-input":{"@type":"PropertyValueSpecification","valueRequired":true,"valueName":"search_term_string"}}],"inLanguage":"de"},{"@type":"Organization","@id":"https:\/\/zeitgeistgermany.com\/de\/#organization","name":"zeitgeistgermany.com","url":"https:\/\/zeitgeistgermany.com\/de\/","logo":{"@type":"ImageObject","inLanguage":"de","@id":"https:\/\/zeitgeistgermany.com\/de\/#\/schema\/logo\/image\/","url":"https:\/\/zeitgeistgermany.com\/wp-content\/uploads\/2024\/06\/webicon.png","contentUrl":"https:\/\/zeitgeistgermany.com\/wp-content\/uploads\/2024\/06\/webicon.png","width":512,"height":512,"caption":"zeitgeistgermany.com"},"image":{"@id":"https:\/\/zeitgeistgermany.com\/de\/#\/schema\/logo\/image\/"}}]}},"_links":{"self":[{"href":"https:\/\/zeitgeistgermany.com\/de\/wp-json\/wp\/v2\/pages\/2364","targetHints":{"allow":["GET"]}}],"collection":[{"href":"https:\/\/zeitgeistgermany.com\/de\/wp-json\/wp\/v2\/pages"}],"about":[{"href":"https:\/\/zeitgeistgermany.com\/de\/wp-json\/wp\/v2\/types\/page"}],"author":[{"embeddable":true,"href":"https:\/\/zeitgeistgermany.com\/de\/wp-json\/wp\/v2\/users\/1"}],"replies":[{"embeddable":true,"href":"https:\/\/zeitgeistgermany.com\/de\/wp-json\/wp\/v2\/comments?post=2364"}],"version-history":[{"count":10,"href":"https:\/\/zeitgeistgermany.com\/de\/wp-json\/wp\/v2\/pages\/2364\/revisions"}],"predecessor-version":[{"id":3479,"href":"https:\/\/zeitgeistgermany.com\/de\/wp-json\/wp\/v2\/pages\/2364\/revisions\/3479"}],"wp:attachment":[{"href":"https:\/\/zeitgeistgermany.com\/de\/wp-json\/wp\/v2\/media?parent=2364"}],"curies":[{"name":"wp","href":"https:\/\/api.w.org\/{rel}","templated":true}]}}